{"id":1862,"date":"2024-07-16T20:11:41","date_gmt":"2024-07-16T17:11:41","guid":{"rendered":"https:\/\/revivacare.com\/istanbuls-musikroute\/"},"modified":"2024-08-18T17:18:14","modified_gmt":"2024-08-18T14:18:14","slug":"istanbuls-musikroute","status":"publish","type":"page","link":"https:\/\/revivacare.com\/de\/istanbuls-musikroute\/","title":{"rendered":"\u0130stanbuls Musikroute"},"content":{"rendered":"\t\t<div data-elementor-type=\"wp-page\" data-elementor-id=\"1862\" class=\"elementor elementor-1862 elementor-1364\" data-elementor-post-type=\"page\">\n\t\t\t\t<div class=\"elementor-element elementor-element-41a6224d e-con-full e-flex e-con e-parent\" data-id=\"41a6224d\" data-element_type=\"container\">\n\t\t<div class=\"elementor-element elementor-element-46c664d8 e-con-full e-flex e-con e-child\" data-id=\"46c664d8\" data-element_type=\"container\">\n\t\t<div class=\"elementor-element elementor-element-67c416e5 e-con-full e-flex e-con e-child\" data-id=\"67c416e5\" data-element_type=\"container\">\n\t\t\t\t<div class=\"elementor-element elementor-element-5398d527 elementor-widget elementor-widget-heading\" data-id=\"5398d527\" data-element_type=\"widget\" data-widget_type=\"heading.default\">\n\t\t\t\t<div class=\"elementor-widget-container\">\n\t\t\t<h1 class=\"elementor-heading-title elementor-size-default\">\u0130stanbul\u2019s Musikroute<\/h1>\t\t<\/div>\n\t\t\t\t<\/div>\n\t\t\t\t<\/div>\n\t\t<div class=\"elementor-element elementor-element-750e0425 e-con-full e-flex e-con e-child\" data-id=\"750e0425\" data-element_type=\"container\">\n\t\t\t\t<div class=\"elementor-element elementor-element-14218758 elementor-widget elementor-widget-image\" data-id=\"14218758\" data-element_type=\"widget\" data-widget_type=\"image.default\">\n\t\t\t\t<div class=\"elementor-widget-container\">\n\t\t\t\t\t\t\t\t\t\t\t\t\t<img fetchpriority=\"high\" decoding=\"async\" width=\"1500\" height=\"1000\" src=\"https:\/\/revivacare.com\/wp-content\/uploads\/2024\/07\/istanbuls-music-route.webp\" class=\"attachment-full size-full wp-image-1341\" alt=\"\" srcset=\"https:\/\/revivacare.com\/wp-content\/uploads\/2024\/07\/istanbuls-music-route.webp 1500w, https:\/\/revivacare.com\/wp-content\/uploads\/2024\/07\/istanbuls-music-route-300x200.webp 300w, https:\/\/revivacare.com\/wp-content\/uploads\/2024\/07\/istanbuls-music-route-1024x683.webp 1024w, https:\/\/revivacare.com\/wp-content\/uploads\/2024\/07\/istanbuls-music-route-768x512.webp 768w, https:\/\/revivacare.com\/wp-content\/uploads\/2024\/07\/istanbuls-music-route-1200x800.webp 1200w\" sizes=\"(max-width: 1500px) 100vw, 1500px\" \/>\t\t\t\t\t\t\t\t\t\t\t\t\t<\/div>\n\t\t\t\t<\/div>\n\t\t\t\t<\/div>\n\t\t<div class=\"elementor-element elementor-element-6ff68e5a e-con-full e-flex e-con e-child\" data-id=\"6ff68e5a\" data-element_type=\"container\">\n\t\t\t\t<div class=\"elementor-element elementor-element-43dee822 elementor-widget elementor-widget-heading\" data-id=\"43dee822\" data-element_type=\"widget\" data-widget_type=\"heading.default\">\n\t\t\t\t<div class=\"elementor-widget-container\">\n\t\t\t<h2 class=\"elementor-heading-title elementor-size-default\">\u00dcber die Tour<\/h2>\t\t<\/div>\n\t\t\t\t<\/div>\n\t\t\t\t<div class=\"elementor-element elementor-element-296790dc elementor-widget elementor-widget-text-editor\" data-id=\"296790dc\" data-element_type=\"widget\" data-widget_type=\"text-editor.default\">\n\t\t\t\t<div class=\"elementor-widget-container\">\n\t\t\t\t\t\t\tMit der Musikreise k\u00f6nnen wir das jahrhundertealte musikalische Erbe Istanbuls in der bezaubernden Atmosph\u00e4re der Stadt und ihrer Veranstaltungsorte beobachten. Istanbul ist eine einzigartige Stadt, die sowohl \u00f6stliche als auch westliche Musikkulturen separat und in Synthese vereint. Das Verst\u00e4ndnis der Bedeutung von Kl\u00e4ngen und dieses musikalischen Erbes in der bezaubernden Atmosph\u00e4re der Stadt wird Ihre Liebe zu Istanbul auf eine neue Ebene heben.\n\n\t\t\t\t\t\t<\/div>\n\t\t\t\t<\/div>\n\t\t\t\t<div class=\"elementor-element elementor-element-39120690 elementor-widget elementor-widget-heading\" data-id=\"39120690\" data-element_type=\"widget\" data-widget_type=\"heading.default\">\n\t\t\t\t<div class=\"elementor-widget-container\">\n\t\t\t<h2 class=\"elementor-heading-title elementor-size-default\">Reiseprogramm<\/h2>\t\t<\/div>\n\t\t\t\t<\/div>\n\t\t\t\t<div class=\"elementor-element elementor-element-4bb56015 elementor-widget elementor-widget-text-editor\" data-id=\"4bb56015\" data-element_type=\"widget\" data-widget_type=\"text-editor.default\">\n\t\t\t\t<div class=\"elementor-widget-container\">\n\t\t\t\t\t\t\t<ul>\n<li>09:00 Treffen vor dem Harbiye Army Club (Begr\u00fc\u00dfung und Vorstellung)<\/li>\n<li>Erkl\u00e4rung \u00fcber Milit\u00e4rkapellen, Janitscharenmusik und die Beziehung zwischen Musik, Milit\u00e4r und Kriegen vor dem Harbiye Army Club.<\/li>\n<li>Besuch des Grabes von Donizetti Pascha in der Saint Esprit Kirche und Information \u00fcber den Einfluss der westlichen Musik im Osmanischen Reich (Der Eintritt in die Saint Esprit Kirche erfordert eine Sondergenehmigung. Wenn erlaubt, ist der Eintritt in die Kirche m\u00f6glich).<\/li>\n<li>Spaziergang zum TRT Radiohaus und Erkl\u00e4rung \u00fcber den Prozess unserer Musikkultur in den fr\u00fchen Jahren der Republik und die Rolle von TRT in dieser Zeit.<\/li>\n<li>Spaziergang von Harbiye nach Elmada\u011f und Erkl\u00e4rung der aktuellen Musikst\u00e4tten in Elmada\u011f und der t\u00fcrkischen Gazinomusik.<\/li>\n<li>Spaziergang Richtung Taksim-Platz und Erkl\u00e4rung \u00fcber die Beitr\u00e4ge des AKM (Atat\u00fcrk Kulturzentrums) und die Rolle des AKM in unserer Musikkultur, den Wiederaufbau des AKM und neue Projekte.<\/li>\n<li>Besuch der Kirche Saint Antoine in der \u0130stiklal Stra\u00dfe und Erkl\u00e4rung \u00fcber Kirchenmusik.<\/li>\n<li>Fortsetzung des Spaziergangs auf der \u0130stiklal Stra\u00dfe und nach Erreichen des Galata Mevlevihane, Erkl\u00e4rung \u00fcber den Mevlevismus und die Sufi-Musik.<\/li>\n<li>Besuch der Musikinstrumentenl\u00e4den in der Galip Dede Stra\u00dfe und umliegenden Stra\u00dfen und Erkl\u00e4rung \u00fcber Musikinstrumentengesch\u00e4fte in der Gegend.<\/li>\n<li>Transport von \u015ei\u015fhane zum Aynal\u0131kavak Pavillon in Has K\u00f6y. Besuch des Musikmuseums im Aynal\u0131kavak Pavillon. Erkl\u00e4rung \u00fcber das Interesse und die Beitr\u00e4ge der osmanischen Sultane zur Musik hier (Poesie, Kunst, Musik in der \u00c4ra von Sultan Selim III \u2013 Tulpenzeit).<\/li>\n<li>Fahrt entlang der K\u00fcste des Goldenen Horns, vorbei am Bahariye Mevlevihane und Erkl\u00e4rung \u00fcber die Stellung des Mevlevismus in der Musikkultur, die von ihm hervorgebrachten Musiker usw.<\/li>\n<li>Pause und Erkl\u00e4rung \u00fcber die Musiker von Ey\u00fcp Sultan vor dem Ey\u00fcp Sultan Musicians&#8216; Caf\u00e9 (Zekai Dede, Buhurizade Mustafa Itri Efendi usw.).<\/li>\n<li>Weiterfahrt Richtung Ayvansaray mit dem Fahrzeug (Erkl\u00e4rung \u00fcber Mehteran-\u0131 Ey\u00fcp Sultan auf dem Weg).<\/li>\n<li>Besuch des Dimitri Kantemir Museums in Balat und Erkl\u00e4rung \u00fcber den Prozess der Notierung der t\u00fcrkischen Musik.<\/li>\n<li>Freie Zeit in Balat und Fener sowie Mittagspause.<\/li>\n<li>Vorbeifahrt am IM\u00c7 Markt in Unkapan\u0131 und Erkl\u00e4rung \u00fcber Plattenl\u00e4den im IM\u00c7.<\/li>\n<li>Durchfahrt durch Kumkap\u0131 und Ah\u0131rkap\u0131 \u00fcber Aksaray Yenikap\u0131 und Erkl\u00e4rung \u00fcber Musikst\u00e4tten in Aksaray und Kumkap\u0131.<\/li>\n<li>Pause in Ah\u0131rkap\u0131 und Erkl\u00e4rung \u00fcber Roma-Musik und den Beitrag der Roma-Musiker zur Musikkultur.<\/li>\n<li>Besuch des Ismail Dede Efendi Museums.<\/li>\n<li>\u00dcberquerung des Eurasia-Tunnels nach Kad\u0131k\u00f6y und Erkl\u00e4rung \u00fcber die S\u00fcreyya Oper und die Geschichte der Oper in der T\u00fcrkei.<\/li>\n<li>\u00dcberquerung nach \u00dcsk\u00fcdar und Erkl\u00e4rung \u00fcber Musiker aus \u00dcsk\u00fcdar.<\/li>\n<li>\u00dcsk\u00fcdar Musikgesellschaft und Erkl\u00e4rung der Beitr\u00e4ge von Musikgesellschaften zur Musikkultur.<\/li>\n<li>Ende der Tour auf dem \u00dcsk\u00fcdar Platz und R\u00fcckkehr auf die europ\u00e4ische Seite mit dem gleichen Fahrzeug f\u00fcr diejenigen, die es w\u00fcnschen.&nbsp;<\/li>\n<\/ul>\t\t\t\t\t\t<\/div>\n\t\t\t\t<\/div>\n\t\t\t\t<\/div>\n\t\t\t\t<\/div>\n\t\t<div class=\"elementor-element elementor-element-20b7ac78 e-con-full e-flex e-con e-child\" data-id=\"20b7ac78\" data-element_type=\"container\">\n\t\t<div class=\"elementor-element elementor-element-4785019a e-con-full e-flex e-con e-child\" data-id=\"4785019a\" data-element_type=\"container\" data-settings=\"{&quot;background_background&quot;:&quot;classic&quot;}\">\n\t\t\t\t<div class=\"elementor-element elementor-element-6a2df942 elementor-widget elementor-widget-heading\" data-id=\"6a2df942\" data-element_type=\"widget\" data-widget_type=\"heading.default\">\n\t\t\t\t<div class=\"elementor-widget-container\">\n\t\t\t<h2 class=\"elementor-heading-title elementor-size-default\">Istanbuler Kulturtouren<\/h2>\t\t<\/div>\n\t\t\t\t<\/div>\n\t\t\t\t<div class=\"elementor-element elementor-element-323432 elementor-widget__width-inherit elementor-widget elementor-widget-heading\" data-id=\"323432\" data-element_type=\"widget\" data-widget_type=\"heading.default\">\n\t\t\t\t<div class=\"elementor-widget-container\">\n\t\t\t<h2 class=\"elementor-heading-title elementor-size-default\">Genie\u00dfen Sie Ihre Reise<\/h2>\t\t<\/div>\n\t\t\t\t<\/div>\n\t\t\t\t<div class=\"elementor-element elementor-element-161c8391 elementor-grid-1 elementor-grid-tablet-3 elementor-widget-mobile__width-inherit elementor-grid-mobile-1 elementor-posts--thumbnail-top elementor-widget elementor-widget-posts\" data-id=\"161c8391\" data-element_type=\"widget\" data-settings=\"{&quot;classic_columns&quot;:&quot;1&quot;,&quot;classic_columns_tablet&quot;:&quot;3&quot;,&quot;classic_row_gap&quot;:{&quot;unit&quot;:&quot;px&quot;,&quot;size&quot;:14,&quot;sizes&quot;:[]},&quot;classic_columns_mobile&quot;:&quot;1&quot;,&quot;classic_row_gap_tablet&quot;:{&quot;unit&quot;:&quot;px&quot;,&quot;size&quot;:&quot;&quot;,&quot;sizes&quot;:[]},&quot;classic_row_gap_mobile&quot;:{&quot;unit&quot;:&quot;px&quot;,&quot;size&quot;:&quot;&quot;,&quot;sizes&quot;:[]}}\" data-widget_type=\"posts.classic\">\n\t\t\t\t<div class=\"elementor-widget-container\">\n\t\t\t\t\t<div class=\"elementor-posts-container elementor-posts elementor-posts--skin-classic elementor-grid\">\n\t\t\t\t<article class=\"elementor-post elementor-grid-item post-1862 page type-page status-publish has-post-thumbnail hentry\">\n\t\t\t\t<a class=\"elementor-post__thumbnail__link\" href=\"https:\/\/revivacare.com\/de\/istanbuls-musikroute\/\" tabindex=\"-1\" >\n\t\t\t<div class=\"elementor-post__thumbnail\"><img decoding=\"async\" width=\"1500\" height=\"1000\" src=\"https:\/\/revivacare.com\/wp-content\/uploads\/2024\/07\/istanbuls-music-route.webp\" class=\"attachment-full size-full wp-image-1844\" alt=\"\" srcset=\"https:\/\/revivacare.com\/wp-content\/uploads\/2024\/07\/istanbuls-music-route.webp 1500w, https:\/\/revivacare.com\/wp-content\/uploads\/2024\/07\/istanbuls-music-route-300x200.webp 300w, https:\/\/revivacare.com\/wp-content\/uploads\/2024\/07\/istanbuls-music-route-1024x683.webp 1024w, https:\/\/revivacare.com\/wp-content\/uploads\/2024\/07\/istanbuls-music-route-768x512.webp 768w, https:\/\/revivacare.com\/wp-content\/uploads\/2024\/07\/istanbuls-music-route-1200x800.webp 1200w\" sizes=\"(max-width: 1500px) 100vw, 1500px\" \/><\/div>\n\t\t<\/a>\n\t\t\t\t<div class=\"elementor-post__text\">\n\t\t\t\t<h3 class=\"elementor-post__title\">\n\t\t\t<a href=\"https:\/\/revivacare.com\/de\/istanbuls-musikroute\/\" >\n\t\t\t\t\u0130stanbuls Musikroute\t\t\t<\/a>\n\t\t<\/h3>\n\t\t\t\t\t<div class=\"elementor-post__read-more-wrapper\">\n\t\t\n\t\t<a class=\"elementor-post__read-more\" href=\"https:\/\/revivacare.com\/de\/istanbuls-musikroute\/\" aria-label=\"Read more about \u0130stanbuls Musikroute\" tabindex=\"-1\" >\n\t\t\tEntdecken \t\t<\/a>\n\n\t\t\t\t\t<\/div>\n\t\t\t\t<\/div>\n\t\t\t\t<\/article>\n\t\t\t\t<article class=\"elementor-post elementor-grid-item post-1865 page type-page status-publish has-post-thumbnail hentry\">\n\t\t\t\t<a class=\"elementor-post__thumbnail__link\" href=\"https:\/\/revivacare.com\/de\/religioese-mystische-tour\/\" tabindex=\"-1\" >\n\t\t\t<div class=\"elementor-post__thumbnail\"><img decoding=\"async\" width=\"1500\" height=\"1000\" src=\"https:\/\/revivacare.com\/wp-content\/uploads\/2024\/07\/inside-hagia.webp\" class=\"attachment-full size-full wp-image-1840\" alt=\"\" srcset=\"https:\/\/revivacare.com\/wp-content\/uploads\/2024\/07\/inside-hagia.webp 1500w, https:\/\/revivacare.com\/wp-content\/uploads\/2024\/07\/inside-hagia-300x200.webp 300w, https:\/\/revivacare.com\/wp-content\/uploads\/2024\/07\/inside-hagia-1024x683.webp 1024w, https:\/\/revivacare.com\/wp-content\/uploads\/2024\/07\/inside-hagia-768x512.webp 768w, https:\/\/revivacare.com\/wp-content\/uploads\/2024\/07\/inside-hagia-1200x800.webp 1200w\" sizes=\"(max-width: 1500px) 100vw, 1500px\" \/><\/div>\n\t\t<\/a>\n\t\t\t\t<div class=\"elementor-post__text\">\n\t\t\t\t<h3 class=\"elementor-post__title\">\n\t\t\t<a href=\"https:\/\/revivacare.com\/de\/religioese-mystische-tour\/\" >\n\t\t\t\tReligi\u00f6se Mystische Tour\t\t\t<\/a>\n\t\t<\/h3>\n\t\t\t\t\t<div class=\"elementor-post__read-more-wrapper\">\n\t\t\n\t\t<a class=\"elementor-post__read-more\" href=\"https:\/\/revivacare.com\/de\/religioese-mystische-tour\/\" aria-label=\"Read more about Religi\u00f6se Mystische Tour\" tabindex=\"-1\" >\n\t\t\tEntdecken \t\t<\/a>\n\n\t\t\t\t\t<\/div>\n\t\t\t\t<\/div>\n\t\t\t\t<\/article>\n\t\t\t\t<article class=\"elementor-post elementor-grid-item post-1885 page type-page status-publish has-post-thumbnail hentry\">\n\t\t\t\t<a class=\"elementor-post__thumbnail__link\" href=\"https:\/\/revivacare.com\/de\/gastro-tour\/\" tabindex=\"-1\" >\n\t\t\t<div class=\"elementor-post__thumbnail\"><img loading=\"lazy\" decoding=\"async\" width=\"1500\" height=\"1000\" src=\"https:\/\/revivacare.com\/wp-content\/uploads\/2024\/07\/gastro-tour.webp\" class=\"attachment-full size-full wp-image-1836\" alt=\"\" srcset=\"https:\/\/revivacare.com\/wp-content\/uploads\/2024\/07\/gastro-tour.webp 1500w, https:\/\/revivacare.com\/wp-content\/uploads\/2024\/07\/gastro-tour-300x200.webp 300w, https:\/\/revivacare.com\/wp-content\/uploads\/2024\/07\/gastro-tour-1024x683.webp 1024w, https:\/\/revivacare.com\/wp-content\/uploads\/2024\/07\/gastro-tour-768x512.webp 768w, https:\/\/revivacare.com\/wp-content\/uploads\/2024\/07\/gastro-tour-1200x800.webp 1200w\" sizes=\"(max-width: 1500px) 100vw, 1500px\" \/><\/div>\n\t\t<\/a>\n\t\t\t\t<div class=\"elementor-post__text\">\n\t\t\t\t<h3 class=\"elementor-post__title\">\n\t\t\t<a href=\"https:\/\/revivacare.com\/de\/gastro-tour\/\" >\n\t\t\t\tGastro Tour\t\t\t<\/a>\n\t\t<\/h3>\n\t\t\t\t\t<div class=\"elementor-post__read-more-wrapper\">\n\t\t\n\t\t<a class=\"elementor-post__read-more\" href=\"https:\/\/revivacare.com\/de\/gastro-tour\/\" aria-label=\"Read more about Gastro Tour\" tabindex=\"-1\" >\n\t\t\tEntdecken \t\t<\/a>\n\n\t\t\t\t\t<\/div>\n\t\t\t\t<\/div>\n\t\t\t\t<\/article>\n\t\t\t\t<article class=\"elementor-post elementor-grid-item post-1893 page type-page status-publish has-post-thumbnail hentry\">\n\t\t\t\t<a class=\"elementor-post__thumbnail__link\" href=\"https:\/\/revivacare.com\/de\/fener-balat-ayvansaray-zu-fuss-tour\/\" tabindex=\"-1\" >\n\t\t\t<div class=\"elementor-post__thumbnail\"><img loading=\"lazy\" decoding=\"async\" width=\"1500\" height=\"1000\" src=\"https:\/\/revivacare.com\/wp-content\/uploads\/2024\/07\/fener-balat.webp\" class=\"attachment-full size-full wp-image-1832\" alt=\"\" srcset=\"https:\/\/revivacare.com\/wp-content\/uploads\/2024\/07\/fener-balat.webp 1500w, https:\/\/revivacare.com\/wp-content\/uploads\/2024\/07\/fener-balat-300x200.webp 300w, https:\/\/revivacare.com\/wp-content\/uploads\/2024\/07\/fener-balat-1024x683.webp 1024w, https:\/\/revivacare.com\/wp-content\/uploads\/2024\/07\/fener-balat-768x512.webp 768w, https:\/\/revivacare.com\/wp-content\/uploads\/2024\/07\/fener-balat-1200x800.webp 1200w\" sizes=\"(max-width: 1500px) 100vw, 1500px\" \/><\/div>\n\t\t<\/a>\n\t\t\t\t<div class=\"elementor-post__text\">\n\t\t\t\t<h3 class=\"elementor-post__title\">\n\t\t\t<a href=\"https:\/\/revivacare.com\/de\/fener-balat-ayvansaray-zu-fuss-tour\/\" >\n\t\t\t\tFener-Balat-Ayvansaray zu Fu\u00df Tour\t\t\t<\/a>\n\t\t<\/h3>\n\t\t\t\t\t<div class=\"elementor-post__read-more-wrapper\">\n\t\t\n\t\t<a class=\"elementor-post__read-more\" href=\"https:\/\/revivacare.com\/de\/fener-balat-ayvansaray-zu-fuss-tour\/\" aria-label=\"Read more about Fener-Balat-Ayvansaray zu Fu\u00df Tour\" tabindex=\"-1\" >\n\t\t\tEntdecken \t\t<\/a>\n\n\t\t\t\t\t<\/div>\n\t\t\t\t<\/div>\n\t\t\t\t<\/article>\n\t\t\t\t<article class=\"elementor-post elementor-grid-item post-1933 page type-page status-publish has-post-thumbnail hentry\">\n\t\t\t\t<a class=\"elementor-post__thumbnail__link\" href=\"https:\/\/revivacare.com\/de\/istanbul-altstadt-zu-fuss-tour\/\" tabindex=\"-1\" >\n\t\t\t<div class=\"elementor-post__thumbnail\"><img loading=\"lazy\" decoding=\"async\" width=\"1500\" height=\"1000\" src=\"https:\/\/revivacare.com\/wp-content\/uploads\/2024\/07\/hagia-sophia-aerial.webp\" class=\"attachment-full size-full wp-image-1828\" alt=\"\" srcset=\"https:\/\/revivacare.com\/wp-content\/uploads\/2024\/07\/hagia-sophia-aerial.webp 1500w, https:\/\/revivacare.com\/wp-content\/uploads\/2024\/07\/hagia-sophia-aerial-300x200.webp 300w, https:\/\/revivacare.com\/wp-content\/uploads\/2024\/07\/hagia-sophia-aerial-1024x683.webp 1024w, https:\/\/revivacare.com\/wp-content\/uploads\/2024\/07\/hagia-sophia-aerial-768x512.webp 768w, https:\/\/revivacare.com\/wp-content\/uploads\/2024\/07\/hagia-sophia-aerial-1200x800.webp 1200w\" sizes=\"(max-width: 1500px) 100vw, 1500px\" \/><\/div>\n\t\t<\/a>\n\t\t\t\t<div class=\"elementor-post__text\">\n\t\t\t\t<h3 class=\"elementor-post__title\">\n\t\t\t<a href=\"https:\/\/revivacare.com\/de\/istanbul-altstadt-zu-fuss-tour\/\" >\n\t\t\t\tIstanbul Altstadt zu Fu\u00df Tour\t\t\t<\/a>\n\t\t<\/h3>\n\t\t\t\t\t<div class=\"elementor-post__read-more-wrapper\">\n\t\t\n\t\t<a class=\"elementor-post__read-more\" href=\"https:\/\/revivacare.com\/de\/istanbul-altstadt-zu-fuss-tour\/\" aria-label=\"Read more about Istanbul Altstadt zu Fu\u00df Tour\" tabindex=\"-1\" >\n\t\t\tEntdecken \t\t<\/a>\n\n\t\t\t\t\t<\/div>\n\t\t\t\t<\/div>\n\t\t\t\t<\/article>\n\t\t\t\t<article class=\"elementor-post elementor-grid-item post-1965 page type-page status-publish has-post-thumbnail hentry\">\n\t\t\t\t<a class=\"elementor-post__thumbnail__link\" href=\"https:\/\/revivacare.com\/de\/shopping-tour\/\" tabindex=\"-1\" >\n\t\t\t<div class=\"elementor-post__thumbnail\"><img loading=\"lazy\" decoding=\"async\" width=\"1500\" height=\"1000\" src=\"https:\/\/revivacare.com\/wp-content\/uploads\/2024\/07\/kapalicarsi-grand.webp\" class=\"attachment-full size-full wp-image-1644\" alt=\"\" srcset=\"https:\/\/revivacare.com\/wp-content\/uploads\/2024\/07\/kapalicarsi-grand.webp 1500w, https:\/\/revivacare.com\/wp-content\/uploads\/2024\/07\/kapalicarsi-grand-300x200.webp 300w, https:\/\/revivacare.com\/wp-content\/uploads\/2024\/07\/kapalicarsi-grand-1024x683.webp 1024w, https:\/\/revivacare.com\/wp-content\/uploads\/2024\/07\/kapalicarsi-grand-768x512.webp 768w, https:\/\/revivacare.com\/wp-content\/uploads\/2024\/07\/kapalicarsi-grand-1200x800.webp 1200w\" sizes=\"(max-width: 1500px) 100vw, 1500px\" \/><\/div>\n\t\t<\/a>\n\t\t\t\t<div class=\"elementor-post__text\">\n\t\t\t\t<h3 class=\"elementor-post__title\">\n\t\t\t<a href=\"https:\/\/revivacare.com\/de\/shopping-tour\/\" >\n\t\t\t\tShopping Tour\t\t\t<\/a>\n\t\t<\/h3>\n\t\t\t\t\t<div class=\"elementor-post__read-more-wrapper\">\n\t\t\n\t\t<a class=\"elementor-post__read-more\" href=\"https:\/\/revivacare.com\/de\/shopping-tour\/\" aria-label=\"Read more about Shopping Tour\" tabindex=\"-1\" >\n\t\t\tEntdecken \t\t<\/a>\n\n\t\t\t\t\t<\/div>\n\t\t\t\t<\/div>\n\t\t\t\t<\/article>\n\t\t\t\t<\/div>\n\t\t\n\t\t\t\t<\/div>\n\t\t\t\t<\/div>\n\t\t\t\t<\/div>\n\t\t\t\t<\/div>\n\t\t\t\t<\/div>\n\t\t\t\t<\/div>\n\t\t","protected":false},"excerpt":{"rendered":"<p>\u0130stanbul\u2019s Musikroute \u00dcber die Tour Mit der Musikreise k\u00f6nnen wir das jahrhundertealte musikalische Erbe Istanbuls in der bezaubernden Atmosph\u00e4re der Stadt und ihrer Veranstaltungsorte beobachten.<\/p>\n","protected":false},"author":2,"featured_media":1844,"parent":0,"menu_order":0,"comment_status":"closed","ping_status":"closed","template":"","meta":{"footnotes":""},"class_list":["post-1862","page","type-page","status-publish","has-post-thumbnail","hentry"],"_links":{"self":[{"href":"https:\/\/revivacare.com\/de\/wp-json\/wp\/v2\/pages\/1862"}],"collection":[{"href":"https:\/\/revivacare.com\/de\/wp-json\/wp\/v2\/pages"}],"about":[{"href":"https:\/\/revivacare.com\/de\/wp-json\/wp\/v2\/types\/page"}],"author":[{"embeddable":true,"href":"https:\/\/revivacare.com\/de\/wp-json\/wp\/v2\/users\/2"}],"replies":[{"embeddable":true,"href":"https:\/\/revivacare.com\/de\/wp-json\/wp\/v2\/comments?post=1862"}],"version-history":[{"count":0,"href":"https:\/\/revivacare.com\/de\/wp-json\/wp\/v2\/pages\/1862\/revisions"}],"wp:featuredmedia":[{"embeddable":true,"href":"https:\/\/revivacare.com\/de\/wp-json\/wp\/v2\/media\/1844"}],"wp:attachment":[{"href":"https:\/\/revivacare.com\/de\/wp-json\/wp\/v2\/media?parent=1862"}],"curies":[{"name":"wp","href":"https:\/\/api.w.org\/{rel}","templated":true}]}}