{"id":1893,"date":"2024-07-16T20:11:08","date_gmt":"2024-07-16T17:11:08","guid":{"rendered":"https:\/\/revivacare.com\/?page_id=1893"},"modified":"2024-08-18T16:13:38","modified_gmt":"2024-08-18T13:13:38","slug":"fener-balat-ayvansaray-zu-fuss-tour","status":"publish","type":"page","link":"https:\/\/revivacare.com\/de\/fener-balat-ayvansaray-zu-fuss-tour\/","title":{"rendered":"Fener-Balat-Ayvansaray zu Fu\u00df Tour"},"content":{"rendered":"\t\t<div data-elementor-type=\"wp-page\" data-elementor-id=\"1893\" class=\"elementor elementor-1893 elementor-1358\" data-elementor-post-type=\"page\">\n\t\t\t\t<div class=\"elementor-element elementor-element-1129724e e-con-full e-flex e-con e-parent\" data-id=\"1129724e\" data-element_type=\"container\">\n\t\t<div class=\"elementor-element elementor-element-6acf9161 e-con-full e-flex e-con e-child\" data-id=\"6acf9161\" data-element_type=\"container\">\n\t\t<div class=\"elementor-element elementor-element-8ce0cbc e-con-full e-flex e-con e-child\" data-id=\"8ce0cbc\" data-element_type=\"container\">\n\t\t\t\t<div class=\"elementor-element elementor-element-4f0d5266 elementor-widget elementor-widget-heading\" data-id=\"4f0d5266\" data-element_type=\"widget\" data-widget_type=\"heading.default\">\n\t\t\t\t<div class=\"elementor-widget-container\">\n\t\t\t<h1 class=\"elementor-heading-title elementor-size-default\">Fener-Balat-Ayvansaray zu Fu\u00df Tour<\/h1>\t\t<\/div>\n\t\t\t\t<\/div>\n\t\t\t\t<\/div>\n\t\t<div class=\"elementor-element elementor-element-2468f82c e-con-full e-flex e-con e-child\" data-id=\"2468f82c\" data-element_type=\"container\">\n\t\t\t\t<div class=\"elementor-element elementor-element-7d54eafd elementor-widget elementor-widget-image\" data-id=\"7d54eafd\" data-element_type=\"widget\" data-widget_type=\"image.default\">\n\t\t\t\t<div class=\"elementor-widget-container\">\n\t\t\t\t\t\t\t\t\t\t\t\t\t<img fetchpriority=\"high\" decoding=\"async\" width=\"1500\" height=\"1000\" src=\"https:\/\/revivacare.com\/wp-content\/uploads\/2024\/07\/fener-balat.webp\" class=\"attachment-full size-full wp-image-1334\" alt=\"\" srcset=\"https:\/\/revivacare.com\/wp-content\/uploads\/2024\/07\/fener-balat.webp 1500w, https:\/\/revivacare.com\/wp-content\/uploads\/2024\/07\/fener-balat-300x200.webp 300w, https:\/\/revivacare.com\/wp-content\/uploads\/2024\/07\/fener-balat-1024x683.webp 1024w, https:\/\/revivacare.com\/wp-content\/uploads\/2024\/07\/fener-balat-768x512.webp 768w, https:\/\/revivacare.com\/wp-content\/uploads\/2024\/07\/fener-balat-1200x800.webp 1200w\" sizes=\"(max-width: 1500px) 100vw, 1500px\" \/>\t\t\t\t\t\t\t\t\t\t\t\t\t<\/div>\n\t\t\t\t<\/div>\n\t\t\t\t<\/div>\n\t\t<div class=\"elementor-element elementor-element-158e18a4 e-con-full e-flex e-con e-child\" data-id=\"158e18a4\" data-element_type=\"container\">\n\t\t\t\t<div class=\"elementor-element elementor-element-3f7d9dc7 elementor-widget elementor-widget-heading\" data-id=\"3f7d9dc7\" data-element_type=\"widget\" data-widget_type=\"heading.default\">\n\t\t\t\t<div class=\"elementor-widget-container\">\n\t\t\t<h2 class=\"elementor-heading-title elementor-size-default\">\u00dcber die Tour\n<\/h2>\t\t<\/div>\n\t\t\t\t<\/div>\n\t\t\t\t<div class=\"elementor-element elementor-element-76838139 elementor-widget elementor-widget-text-editor\" data-id=\"76838139\" data-element_type=\"widget\" data-widget_type=\"text-editor.default\">\n\t\t\t\t<div class=\"elementor-widget-container\">\n\t\t\t\t\t\t\t<p>Fener, Balat und Ayvansaray sind benachbarte Viertel, die auf derselben Achse liegen. Nirgendwo sonst auf der Welt findet man eine solch reiche kulturelle Vielfalt an einem Ort. In diesem Gebiet k\u00f6nnen Sie Istanbuls multikulturelle Identit\u00e4t in ihrer besten Form beobachten und einfangen. In der Vergangenheit lebten die griechisch-orthodoxen und j\u00fcdischen B\u00fcrger Istanbuls bis in die fr\u00fchen Jahre der T\u00fcrkischen Republik vorwiegend in diesen Vierteln. Daher werden Sie hier Spuren des kulturellen Erbes entdecken, das von diesen Kulturen und Epochen im Einklang mit der t\u00fcrkisch-islamischen Kultur geschaffen wurde. Diese Viertel beherbergen noch immer eine F\u00fclle von historischen St\u00e4tten, H\u00e4usern, Kirchen, Synagogen, Moscheen, Schulen, Stra\u00dfenst\u00e4nden, Caf\u00e9s und Restaurants, die alle zum historischen und kulturellen Erbe dieser Viertel beitragen.<\/p>\t\t\t\t\t\t<\/div>\n\t\t\t\t<\/div>\n\t\t\t\t<div class=\"elementor-element elementor-element-734db156 elementor-widget elementor-widget-heading\" data-id=\"734db156\" data-element_type=\"widget\" data-widget_type=\"heading.default\">\n\t\t\t\t<div class=\"elementor-widget-container\">\n\t\t\t<h2 class=\"elementor-heading-title elementor-size-default\">Reiseprogramm<\/h2>\t\t<\/div>\n\t\t\t\t<\/div>\n\t\t\t\t<div class=\"elementor-element elementor-element-66b01c3f elementor-widget elementor-widget-text-editor\" data-id=\"66b01c3f\" data-element_type=\"widget\" data-widget_type=\"text-editor.default\">\n\t\t\t\t<div class=\"elementor-widget-container\">\n\t\t\t\t\t\t\t<ul><li style=\"list-style-type: none;\"><ul><li>Wir beginnen unsere Tour mit einem Treffen an der Kadir Has Universit\u00e4t.<\/li><li>Die Kadir Has Universit\u00e4t befindet sich in einem besonderen Geb\u00e4ude, das fr\u00fcher eine Tabakfabrik war, und beherbergt auch das Rezan Has Museum.<\/li><li>G\u00fcl-Moschee (\u201eKirche der hl. Theodosia\u201c) \u2013 Die sogenannte \u201eKirche der hl. Theodosia\u201c, heute bekannt als G\u00fcl-Moschee, war eine byzantinische Kirche im Dexiokratous-Distrikt nahe den Stadtmauern von Konstantinopel.<\/li><li>St.-Georgs-Kirche (Kirche des hl. Georg) ist die Hauptkathedrale der griechisch-orthodoxen Kirche in Istanbul. Seit 1600 ist die St.-Georgs-Kirche der Sitz des \u00d6kumenischen Patriarchats von Konstantinopel (des rangh\u00f6chsten Patriarchats der griechisch-orthodoxen Kirche, des geistlichen F\u00fchrers der orthodoxen Christen weltweit). Auch wenn Sie nicht griechisch-orthodox sind, k\u00f6nnen Sie hier eine Kerze anz\u00fcnden und einen Wunsch \u00e4u\u00dfern.<\/li><li>Die bulgarische St.-Stephan-Kirche, auch bekannt als die bulgarische Eisenkirche, ist eine orthodoxe Kirche in Balat, Istanbul. Sie ist ber\u00fchmt daf\u00fcr, dass sie aus vorgefertigten Gusseisenelementen im neugotischen Stil errichtet wurde. Die Kirche geh\u00f6rt zur bulgarischen Minderheit in der Stadt.<\/li><li>Fener Griechisches Gymnasium: Bekannt als die \u00e4lteste erhaltene griechische Schule in Istanbul, befindet sich das Private Fener Griechische Gymnasium in Fener. Die Schule wurde 1454 gegr\u00fcndet.<\/li><li>Die Kirche der Heiligen Maria der Mongolen \u2013 Bekannt als \u201eKanl\u0131 Kilise\u201c (Blutige Kirche) auf T\u00fcrkisch, ist eine \u00f6stlich-orthodoxe Kirche in Istanbul.<\/li><li>Kantemir-Haus \u2013 Einst ein Palast des moldawischen Prinzen Dimitrie Cantemir, befindet sich dieses historische Geb\u00e4ude auf dem Gel\u00e4nde der heutigen Ortak\u00f6y-Moschee. Dimitrie Cantemir ist bekannt f\u00fcr seine Beitr\u00e4ge zur klassischen t\u00fcrkischen Musik.<\/li><li>Ahrida-Synagoge \u2013 Die Ahrida-Synagoge wurde in den 1430er Jahren von den Romanioten (Makedonische Juden) erbaut. Sie wurde 1992 von der 500. Jahr Stiftung restauriert, um den 500. Jahrestag der Ankunft der sephardischen Juden im Osmanischen Reich zu gedenken. Die Synagoge ist bekannt f\u00fcr ihre bootf\u00f6rmige Tevah (eine Leseplattform, \u00e4hnlich der Bima in aschkenasischen Gemeinden).<\/li><li>Tur-i Sina Kloster (Kirche des hl. Johannes des T\u00e4ufers) \u2013 Wie viele orthodoxe Kirchen in Istanbul geh\u00f6rt das Tur-i Sina Kloster nicht zum Fener Patriarchat, sondern zum Sinai Konsulat. Es ist ein Metochion (Klostereinrichtung) des Klosters St. Katharina auf dem Sinai. Der Bau dieser Kirche wurde von einem M\u00f6nch in Auftrag gegeben, der Yavuz Sultan Selim w\u00e4hrend seines Feldzugs in der Sinai-W\u00fcste geholfen hatte.<\/li><li>Surp H\u0131re\u015fdagabet Armenische Kirche \u2013 Diese Kirche wurde nach der Eroberung Istanbuls im Jahr 1453 den Armeniern \u00fcbergeben. Urspr\u00fcnglich war sie eine griechische Kirche.<\/li><li>Blachernen-Kirche der Heiligen Maria und Heilige Quelle \u2013 Das Blachernen-Viertel war ein Gebiet von Konstantinopel und war f\u00fcr seine Bedeutung im \u00f6stlichen Christentum bekannt. Es war der heilige Wasserplatz des \u00f6stlichen Christentums, und viele bedeutende Kirchen wurden hier errichtet. Die bekannteste davon ist die Kirche der Heiligen Maria (Panagia Blacherniotissa), die urspr\u00fcnglich um 450 von der Kaiserin Pulcheria erbaut, von Kaiser Leo erweitert und von Kaiser Justinian im 6. Jahrhundert renoviert wurde.<\/li><li>Heute ist dieses Gebiet als Ayvansaray bekannt. Die mit Maria verbundene heilige Quelle wird immer noch besucht. Der Begriff \u201eAyazma\u201c leitet sich vom griechischen Wort \u201eHagiasma\u201c ab, was \u201eheiliges Wasser\u201c bedeutet.<\/li><li>Neben historischen und kulturellen St\u00e4tten und Bauwerken bietet die Region auch eine Auswahl an Orten, an denen Sie die mediterrane K\u00fcche in ihrer besten Form genie\u00dfen k\u00f6nnen, darunter das Agora Meyhanesi, Forno, Balat Sahil Restaurant, Balat \u0130\u015fkembecisi und andere.<\/li><\/ul><\/li><\/ul>\t\t\t\t\t\t<\/div>\n\t\t\t\t<\/div>\n\t\t\t\t<div class=\"elementor-element elementor-element-39ee859c elementor-widget elementor-widget-heading\" data-id=\"39ee859c\" data-element_type=\"widget\" data-widget_type=\"heading.default\">\n\t\t\t\t<div class=\"elementor-widget-container\">\n\t\t\t<h2 class=\"elementor-heading-title elementor-size-default\">Dauer<\/h2>\t\t<\/div>\n\t\t\t\t<\/div>\n\t\t\t\t<div class=\"elementor-element elementor-element-2debc611 elementor-widget elementor-widget-text-editor\" data-id=\"2debc611\" data-element_type=\"widget\" data-widget_type=\"text-editor.default\">\n\t\t\t\t<div class=\"elementor-widget-container\">\n\t\t\t\t\t\t\t6 Stunden\t\t\t\t\t\t<\/div>\n\t\t\t\t<\/div>\n\t\t\t\t<div class=\"elementor-element elementor-element-750cb1f2 elementor-widget elementor-widget-heading\" data-id=\"750cb1f2\" data-element_type=\"widget\" data-widget_type=\"heading.default\">\n\t\t\t\t<div class=\"elementor-widget-container\">\n\t\t\t<h2 class=\"elementor-heading-title elementor-size-default\">Inklusive<\/h2>\t\t<\/div>\n\t\t\t\t<\/div>\n\t\t\t\t<div class=\"elementor-element elementor-element-3ff13ad7 elementor-widget elementor-widget-text-editor\" data-id=\"3ff13ad7\" data-element_type=\"widget\" data-widget_type=\"text-editor.default\">\n\t\t\t\t<div class=\"elementor-widget-container\">\n\t\t\t\t\t\t\t<p>-Eintrittsgeb\u00fchren,<br \/>-Professioneller Reiseleiter<\/p>\t\t\t\t\t\t<\/div>\n\t\t\t\t<\/div>\n\t\t\t\t<\/div>\n\t\t\t\t<\/div>\n\t\t<div class=\"elementor-element elementor-element-9ca4d5 e-con-full e-flex e-con e-child\" data-id=\"9ca4d5\" data-element_type=\"container\">\n\t\t<div class=\"elementor-element elementor-element-1ddb4023 e-con-full e-flex e-con e-child\" data-id=\"1ddb4023\" data-element_type=\"container\" data-settings=\"{&quot;background_background&quot;:&quot;classic&quot;}\">\n\t\t\t\t<div class=\"elementor-element elementor-element-4557f635 elementor-widget elementor-widget-heading\" data-id=\"4557f635\" data-element_type=\"widget\" data-widget_type=\"heading.default\">\n\t\t\t\t<div class=\"elementor-widget-container\">\n\t\t\t<h2 class=\"elementor-heading-title elementor-size-default\">Istanbuler Kulturtouren<\/h2>\t\t<\/div>\n\t\t\t\t<\/div>\n\t\t\t\t<div class=\"elementor-element elementor-element-12a6dc33 elementor-widget__width-inherit elementor-widget elementor-widget-heading\" data-id=\"12a6dc33\" data-element_type=\"widget\" data-widget_type=\"heading.default\">\n\t\t\t\t<div class=\"elementor-widget-container\">\n\t\t\t<h2 class=\"elementor-heading-title elementor-size-default\">Genie\u00dfen Sie Ihre Reise<\/h2>\t\t<\/div>\n\t\t\t\t<\/div>\n\t\t\t\t<div class=\"elementor-element elementor-element-533d2db5 elementor-grid-1 elementor-grid-tablet-3 elementor-widget-mobile__width-inherit elementor-grid-mobile-1 elementor-posts--thumbnail-top elementor-widget elementor-widget-posts\" data-id=\"533d2db5\" data-element_type=\"widget\" data-settings=\"{&quot;classic_columns&quot;:&quot;1&quot;,&quot;classic_columns_tablet&quot;:&quot;3&quot;,&quot;classic_row_gap&quot;:{&quot;unit&quot;:&quot;px&quot;,&quot;size&quot;:14,&quot;sizes&quot;:[]},&quot;classic_columns_mobile&quot;:&quot;1&quot;,&quot;classic_row_gap_tablet&quot;:{&quot;unit&quot;:&quot;px&quot;,&quot;size&quot;:&quot;&quot;,&quot;sizes&quot;:[]},&quot;classic_row_gap_mobile&quot;:{&quot;unit&quot;:&quot;px&quot;,&quot;size&quot;:&quot;&quot;,&quot;sizes&quot;:[]}}\" data-widget_type=\"posts.classic\">\n\t\t\t\t<div class=\"elementor-widget-container\">\n\t\t\t\t\t<div class=\"elementor-posts-container elementor-posts elementor-posts--skin-classic elementor-grid\">\n\t\t\t\t<article class=\"elementor-post elementor-grid-item post-1862 page type-page status-publish has-post-thumbnail hentry\">\n\t\t\t\t<a class=\"elementor-post__thumbnail__link\" href=\"https:\/\/revivacare.com\/de\/istanbuls-musikroute\/\" tabindex=\"-1\" >\n\t\t\t<div class=\"elementor-post__thumbnail\"><img decoding=\"async\" width=\"1500\" height=\"1000\" src=\"https:\/\/revivacare.com\/wp-content\/uploads\/2024\/07\/istanbuls-music-route.webp\" class=\"attachment-full size-full wp-image-1844\" alt=\"\" srcset=\"https:\/\/revivacare.com\/wp-content\/uploads\/2024\/07\/istanbuls-music-route.webp 1500w, https:\/\/revivacare.com\/wp-content\/uploads\/2024\/07\/istanbuls-music-route-300x200.webp 300w, https:\/\/revivacare.com\/wp-content\/uploads\/2024\/07\/istanbuls-music-route-1024x683.webp 1024w, https:\/\/revivacare.com\/wp-content\/uploads\/2024\/07\/istanbuls-music-route-768x512.webp 768w, https:\/\/revivacare.com\/wp-content\/uploads\/2024\/07\/istanbuls-music-route-1200x800.webp 1200w\" sizes=\"(max-width: 1500px) 100vw, 1500px\" \/><\/div>\n\t\t<\/a>\n\t\t\t\t<div class=\"elementor-post__text\">\n\t\t\t\t<h3 class=\"elementor-post__title\">\n\t\t\t<a href=\"https:\/\/revivacare.com\/de\/istanbuls-musikroute\/\" >\n\t\t\t\t\u0130stanbuls Musikroute\t\t\t<\/a>\n\t\t<\/h3>\n\t\t\t\t\t<div class=\"elementor-post__read-more-wrapper\">\n\t\t\n\t\t<a class=\"elementor-post__read-more\" href=\"https:\/\/revivacare.com\/de\/istanbuls-musikroute\/\" aria-label=\"Read more about \u0130stanbuls Musikroute\" tabindex=\"-1\" >\n\t\t\tEntdecken \t\t<\/a>\n\n\t\t\t\t\t<\/div>\n\t\t\t\t<\/div>\n\t\t\t\t<\/article>\n\t\t\t\t<article class=\"elementor-post elementor-grid-item post-1865 page type-page status-publish has-post-thumbnail hentry\">\n\t\t\t\t<a class=\"elementor-post__thumbnail__link\" href=\"https:\/\/revivacare.com\/de\/religioese-mystische-tour\/\" tabindex=\"-1\" >\n\t\t\t<div class=\"elementor-post__thumbnail\"><img decoding=\"async\" width=\"1500\" height=\"1000\" src=\"https:\/\/revivacare.com\/wp-content\/uploads\/2024\/07\/inside-hagia.webp\" class=\"attachment-full size-full wp-image-1840\" alt=\"\" srcset=\"https:\/\/revivacare.com\/wp-content\/uploads\/2024\/07\/inside-hagia.webp 1500w, https:\/\/revivacare.com\/wp-content\/uploads\/2024\/07\/inside-hagia-300x200.webp 300w, https:\/\/revivacare.com\/wp-content\/uploads\/2024\/07\/inside-hagia-1024x683.webp 1024w, https:\/\/revivacare.com\/wp-content\/uploads\/2024\/07\/inside-hagia-768x512.webp 768w, https:\/\/revivacare.com\/wp-content\/uploads\/2024\/07\/inside-hagia-1200x800.webp 1200w\" sizes=\"(max-width: 1500px) 100vw, 1500px\" \/><\/div>\n\t\t<\/a>\n\t\t\t\t<div class=\"elementor-post__text\">\n\t\t\t\t<h3 class=\"elementor-post__title\">\n\t\t\t<a href=\"https:\/\/revivacare.com\/de\/religioese-mystische-tour\/\" >\n\t\t\t\tReligi\u00f6se Mystische Tour\t\t\t<\/a>\n\t\t<\/h3>\n\t\t\t\t\t<div class=\"elementor-post__read-more-wrapper\">\n\t\t\n\t\t<a class=\"elementor-post__read-more\" href=\"https:\/\/revivacare.com\/de\/religioese-mystische-tour\/\" aria-label=\"Read more about Religi\u00f6se Mystische Tour\" tabindex=\"-1\" >\n\t\t\tEntdecken \t\t<\/a>\n\n\t\t\t\t\t<\/div>\n\t\t\t\t<\/div>\n\t\t\t\t<\/article>\n\t\t\t\t<article class=\"elementor-post elementor-grid-item post-1885 page type-page status-publish has-post-thumbnail hentry\">\n\t\t\t\t<a class=\"elementor-post__thumbnail__link\" href=\"https:\/\/revivacare.com\/de\/gastro-tour\/\" tabindex=\"-1\" >\n\t\t\t<div class=\"elementor-post__thumbnail\"><img loading=\"lazy\" decoding=\"async\" width=\"1500\" height=\"1000\" src=\"https:\/\/revivacare.com\/wp-content\/uploads\/2024\/07\/gastro-tour.webp\" class=\"attachment-full size-full wp-image-1836\" alt=\"\" srcset=\"https:\/\/revivacare.com\/wp-content\/uploads\/2024\/07\/gastro-tour.webp 1500w, https:\/\/revivacare.com\/wp-content\/uploads\/2024\/07\/gastro-tour-300x200.webp 300w, https:\/\/revivacare.com\/wp-content\/uploads\/2024\/07\/gastro-tour-1024x683.webp 1024w, https:\/\/revivacare.com\/wp-content\/uploads\/2024\/07\/gastro-tour-768x512.webp 768w, https:\/\/revivacare.com\/wp-content\/uploads\/2024\/07\/gastro-tour-1200x800.webp 1200w\" sizes=\"(max-width: 1500px) 100vw, 1500px\" \/><\/div>\n\t\t<\/a>\n\t\t\t\t<div class=\"elementor-post__text\">\n\t\t\t\t<h3 class=\"elementor-post__title\">\n\t\t\t<a href=\"https:\/\/revivacare.com\/de\/gastro-tour\/\" >\n\t\t\t\tGastro Tour\t\t\t<\/a>\n\t\t<\/h3>\n\t\t\t\t\t<div class=\"elementor-post__read-more-wrapper\">\n\t\t\n\t\t<a class=\"elementor-post__read-more\" href=\"https:\/\/revivacare.com\/de\/gastro-tour\/\" aria-label=\"Read more about Gastro Tour\" tabindex=\"-1\" >\n\t\t\tEntdecken \t\t<\/a>\n\n\t\t\t\t\t<\/div>\n\t\t\t\t<\/div>\n\t\t\t\t<\/article>\n\t\t\t\t<article class=\"elementor-post elementor-grid-item post-1893 page type-page status-publish has-post-thumbnail hentry\">\n\t\t\t\t<a class=\"elementor-post__thumbnail__link\" href=\"https:\/\/revivacare.com\/de\/fener-balat-ayvansaray-zu-fuss-tour\/\" tabindex=\"-1\" >\n\t\t\t<div class=\"elementor-post__thumbnail\"><img loading=\"lazy\" decoding=\"async\" width=\"1500\" height=\"1000\" src=\"https:\/\/revivacare.com\/wp-content\/uploads\/2024\/07\/fener-balat.webp\" class=\"attachment-full size-full wp-image-1832\" alt=\"\" srcset=\"https:\/\/revivacare.com\/wp-content\/uploads\/2024\/07\/fener-balat.webp 1500w, https:\/\/revivacare.com\/wp-content\/uploads\/2024\/07\/fener-balat-300x200.webp 300w, https:\/\/revivacare.com\/wp-content\/uploads\/2024\/07\/fener-balat-1024x683.webp 1024w, https:\/\/revivacare.com\/wp-content\/uploads\/2024\/07\/fener-balat-768x512.webp 768w, https:\/\/revivacare.com\/wp-content\/uploads\/2024\/07\/fener-balat-1200x800.webp 1200w\" sizes=\"(max-width: 1500px) 100vw, 1500px\" \/><\/div>\n\t\t<\/a>\n\t\t\t\t<div class=\"elementor-post__text\">\n\t\t\t\t<h3 class=\"elementor-post__title\">\n\t\t\t<a href=\"https:\/\/revivacare.com\/de\/fener-balat-ayvansaray-zu-fuss-tour\/\" >\n\t\t\t\tFener-Balat-Ayvansaray zu Fu\u00df Tour\t\t\t<\/a>\n\t\t<\/h3>\n\t\t\t\t\t<div class=\"elementor-post__read-more-wrapper\">\n\t\t\n\t\t<a class=\"elementor-post__read-more\" href=\"https:\/\/revivacare.com\/de\/fener-balat-ayvansaray-zu-fuss-tour\/\" aria-label=\"Read more about Fener-Balat-Ayvansaray zu Fu\u00df Tour\" tabindex=\"-1\" >\n\t\t\tEntdecken \t\t<\/a>\n\n\t\t\t\t\t<\/div>\n\t\t\t\t<\/div>\n\t\t\t\t<\/article>\n\t\t\t\t<article class=\"elementor-post elementor-grid-item post-1933 page type-page status-publish has-post-thumbnail hentry\">\n\t\t\t\t<a class=\"elementor-post__thumbnail__link\" href=\"https:\/\/revivacare.com\/de\/istanbul-altstadt-zu-fuss-tour\/\" tabindex=\"-1\" >\n\t\t\t<div class=\"elementor-post__thumbnail\"><img loading=\"lazy\" decoding=\"async\" width=\"1500\" height=\"1000\" src=\"https:\/\/revivacare.com\/wp-content\/uploads\/2024\/07\/hagia-sophia-aerial.webp\" class=\"attachment-full size-full wp-image-1828\" alt=\"\" srcset=\"https:\/\/revivacare.com\/wp-content\/uploads\/2024\/07\/hagia-sophia-aerial.webp 1500w, https:\/\/revivacare.com\/wp-content\/uploads\/2024\/07\/hagia-sophia-aerial-300x200.webp 300w, https:\/\/revivacare.com\/wp-content\/uploads\/2024\/07\/hagia-sophia-aerial-1024x683.webp 1024w, https:\/\/revivacare.com\/wp-content\/uploads\/2024\/07\/hagia-sophia-aerial-768x512.webp 768w, https:\/\/revivacare.com\/wp-content\/uploads\/2024\/07\/hagia-sophia-aerial-1200x800.webp 1200w\" sizes=\"(max-width: 1500px) 100vw, 1500px\" \/><\/div>\n\t\t<\/a>\n\t\t\t\t<div class=\"elementor-post__text\">\n\t\t\t\t<h3 class=\"elementor-post__title\">\n\t\t\t<a href=\"https:\/\/revivacare.com\/de\/istanbul-altstadt-zu-fuss-tour\/\" >\n\t\t\t\tIstanbul Altstadt zu Fu\u00df Tour\t\t\t<\/a>\n\t\t<\/h3>\n\t\t\t\t\t<div class=\"elementor-post__read-more-wrapper\">\n\t\t\n\t\t<a class=\"elementor-post__read-more\" href=\"https:\/\/revivacare.com\/de\/istanbul-altstadt-zu-fuss-tour\/\" aria-label=\"Read more about Istanbul Altstadt zu Fu\u00df Tour\" tabindex=\"-1\" >\n\t\t\tEntdecken \t\t<\/a>\n\n\t\t\t\t\t<\/div>\n\t\t\t\t<\/div>\n\t\t\t\t<\/article>\n\t\t\t\t<article class=\"elementor-post elementor-grid-item post-1965 page type-page status-publish has-post-thumbnail hentry\">\n\t\t\t\t<a class=\"elementor-post__thumbnail__link\" href=\"https:\/\/revivacare.com\/de\/shopping-tour\/\" tabindex=\"-1\" >\n\t\t\t<div class=\"elementor-post__thumbnail\"><img loading=\"lazy\" decoding=\"async\" width=\"1500\" height=\"1000\" src=\"https:\/\/revivacare.com\/wp-content\/uploads\/2024\/07\/kapalicarsi-grand.webp\" class=\"attachment-full size-full wp-image-1644\" alt=\"\" srcset=\"https:\/\/revivacare.com\/wp-content\/uploads\/2024\/07\/kapalicarsi-grand.webp 1500w, https:\/\/revivacare.com\/wp-content\/uploads\/2024\/07\/kapalicarsi-grand-300x200.webp 300w, https:\/\/revivacare.com\/wp-content\/uploads\/2024\/07\/kapalicarsi-grand-1024x683.webp 1024w, https:\/\/revivacare.com\/wp-content\/uploads\/2024\/07\/kapalicarsi-grand-768x512.webp 768w, https:\/\/revivacare.com\/wp-content\/uploads\/2024\/07\/kapalicarsi-grand-1200x800.webp 1200w\" sizes=\"(max-width: 1500px) 100vw, 1500px\" \/><\/div>\n\t\t<\/a>\n\t\t\t\t<div class=\"elementor-post__text\">\n\t\t\t\t<h3 class=\"elementor-post__title\">\n\t\t\t<a href=\"https:\/\/revivacare.com\/de\/shopping-tour\/\" >\n\t\t\t\tShopping Tour\t\t\t<\/a>\n\t\t<\/h3>\n\t\t\t\t\t<div class=\"elementor-post__read-more-wrapper\">\n\t\t\n\t\t<a class=\"elementor-post__read-more\" href=\"https:\/\/revivacare.com\/de\/shopping-tour\/\" aria-label=\"Read more about Shopping Tour\" tabindex=\"-1\" >\n\t\t\tEntdecken \t\t<\/a>\n\n\t\t\t\t\t<\/div>\n\t\t\t\t<\/div>\n\t\t\t\t<\/article>\n\t\t\t\t<\/div>\n\t\t\n\t\t\t\t<\/div>\n\t\t\t\t<\/div>\n\t\t\t\t<\/div>\n\t\t\t\t<\/div>\n\t\t\t\t<\/div>\n\t\t\t\t<\/div>\n\t\t","protected":false},"excerpt":{"rendered":"<p>Fener-Balat-Ayvansaray zu Fu\u00df Tour \u00dcber die Tour Fener, Balat und Ayvansaray sind benachbarte Viertel, die auf derselben Achse liegen. Nirgendwo sonst auf der Welt findet<\/p>\n","protected":false},"author":2,"featured_media":1832,"parent":0,"menu_order":0,"comment_status":"closed","ping_status":"closed","template":"","meta":{"footnotes":""},"class_list":["post-1893","page","type-page","status-publish","has-post-thumbnail","hentry"],"_links":{"self":[{"href":"https:\/\/revivacare.com\/de\/wp-json\/wp\/v2\/pages\/1893"}],"collection":[{"href":"https:\/\/revivacare.com\/de\/wp-json\/wp\/v2\/pages"}],"about":[{"href":"https:\/\/revivacare.com\/de\/wp-json\/wp\/v2\/types\/page"}],"author":[{"embeddable":true,"href":"https:\/\/revivacare.com\/de\/wp-json\/wp\/v2\/users\/2"}],"replies":[{"embeddable":true,"href":"https:\/\/revivacare.com\/de\/wp-json\/wp\/v2\/comments?post=1893"}],"version-history":[{"count":0,"href":"https:\/\/revivacare.com\/de\/wp-json\/wp\/v2\/pages\/1893\/revisions"}],"wp:featuredmedia":[{"embeddable":true,"href":"https:\/\/revivacare.com\/de\/wp-json\/wp\/v2\/media\/1832"}],"wp:attachment":[{"href":"https:\/\/revivacare.com\/de\/wp-json\/wp\/v2\/media?parent=1893"}],"curies":[{"name":"wp","href":"https:\/\/api.w.org\/{rel}","templated":true}]}}