{"id":1933,"date":"2024-07-16T20:10:56","date_gmt":"2024-07-16T17:10:56","guid":{"rendered":"https:\/\/revivacare.com\/?page_id=1933"},"modified":"2024-08-18T16:21:44","modified_gmt":"2024-08-18T13:21:44","slug":"istanbul-altstadt-zu-fuss-tour","status":"publish","type":"page","link":"https:\/\/revivacare.com\/de\/istanbul-altstadt-zu-fuss-tour\/","title":{"rendered":"Istanbul Altstadt zu Fu\u00df Tour"},"content":{"rendered":"\t\t<div data-elementor-type=\"wp-page\" data-elementor-id=\"1933\" class=\"elementor elementor-1933 elementor-1356\" data-elementor-post-type=\"page\">\n\t\t\t\t<div class=\"elementor-element elementor-element-7948129c e-con-full e-flex e-con e-parent\" data-id=\"7948129c\" data-element_type=\"container\">\n\t\t<div class=\"elementor-element elementor-element-1871d2d3 e-con-full e-flex e-con e-child\" data-id=\"1871d2d3\" data-element_type=\"container\">\n\t\t<div class=\"elementor-element elementor-element-327e2d27 e-con-full e-flex e-con e-child\" data-id=\"327e2d27\" data-element_type=\"container\">\n\t\t\t\t<div class=\"elementor-element elementor-element-12c68a14 elementor-widget elementor-widget-heading\" data-id=\"12c68a14\" data-element_type=\"widget\" data-widget_type=\"heading.default\">\n\t\t\t\t<div class=\"elementor-widget-container\">\n\t\t\t<h1 class=\"elementor-heading-title elementor-size-default\">Istanbul Altstadt zu Fu\u00df Tour<\/h1>\t\t<\/div>\n\t\t\t\t<\/div>\n\t\t\t\t<\/div>\n\t\t<div class=\"elementor-element elementor-element-230eaae9 e-con-full e-flex e-con e-child\" data-id=\"230eaae9\" data-element_type=\"container\">\n\t\t\t\t<div class=\"elementor-element elementor-element-35d43841 elementor-widget elementor-widget-image\" data-id=\"35d43841\" data-element_type=\"widget\" data-widget_type=\"image.default\">\n\t\t\t\t<div class=\"elementor-widget-container\">\n\t\t\t\t\t\t\t\t\t\t\t\t\t<img fetchpriority=\"high\" decoding=\"async\" width=\"1500\" height=\"1000\" src=\"https:\/\/revivacare.com\/wp-content\/uploads\/2024\/07\/hagia-sophia-aerial.webp\" class=\"attachment-full size-full wp-image-1333\" alt=\"\" srcset=\"https:\/\/revivacare.com\/wp-content\/uploads\/2024\/07\/hagia-sophia-aerial.webp 1500w, https:\/\/revivacare.com\/wp-content\/uploads\/2024\/07\/hagia-sophia-aerial-300x200.webp 300w, https:\/\/revivacare.com\/wp-content\/uploads\/2024\/07\/hagia-sophia-aerial-1024x683.webp 1024w, https:\/\/revivacare.com\/wp-content\/uploads\/2024\/07\/hagia-sophia-aerial-768x512.webp 768w, https:\/\/revivacare.com\/wp-content\/uploads\/2024\/07\/hagia-sophia-aerial-1200x800.webp 1200w\" sizes=\"(max-width: 1500px) 100vw, 1500px\" \/>\t\t\t\t\t\t\t\t\t\t\t\t\t<\/div>\n\t\t\t\t<\/div>\n\t\t\t\t<\/div>\n\t\t<div class=\"elementor-element elementor-element-659c3b9d e-con-full e-flex e-con e-child\" data-id=\"659c3b9d\" data-element_type=\"container\">\n\t\t\t\t<div class=\"elementor-element elementor-element-15f23b0e elementor-widget elementor-widget-heading\" data-id=\"15f23b0e\" data-element_type=\"widget\" data-widget_type=\"heading.default\">\n\t\t\t\t<div class=\"elementor-widget-container\">\n\t\t\t<h2 class=\"elementor-heading-title elementor-size-default\">\u00dcber die Tour\n<\/h2>\t\t<\/div>\n\t\t\t\t<\/div>\n\t\t\t\t<div class=\"elementor-element elementor-element-6039ad2f elementor-widget elementor-widget-text-editor\" data-id=\"6039ad2f\" data-element_type=\"widget\" data-widget_type=\"text-editor.default\">\n\t\t\t\t<div class=\"elementor-widget-container\">\n\t\t\t\t\t\t\t<p>Reisen Sie zur\u00fcck in die Zeit des alten Konstantinopel (Ostrom) und des Osmanischen Reiches auf dieser gef\u00fchrten Tour durch das historische Hippodrom, die Blaue Moschee, den Topkapi-Palast, die Hagia Sophia und den Gro\u00dfen Basar. Erkunden Sie die Stra\u00dfen der Istanbuler Altstadt, besuchen Sie die besten Sehensw\u00fcrdigkeiten und erfahren Sie mehr \u00fcber ihre erstaunliche Geschichte.<\/p><p>Wenn Sie ein Ausl\u00e4nder sind und zum ersten Mal nach Istanbul kommen, sollten Sie diese Tour auf jeden Fall machen, um zu verstehen, in was f\u00fcr einer Stadt Sie sich befinden. Wenn Sie aus Istanbul kommen, sollten Sie diese Tour meiner Meinung nach auch mindestens einmal im Jahr machen. Denn das Einzigartige an Istanbul zu sp\u00fcren, wird uns ein besonderes Gef\u00fchl geben und unsere Verbundenheit mit unserer Stadt st\u00e4rken.<\/p>\t\t\t\t\t\t<\/div>\n\t\t\t\t<\/div>\n\t\t\t\t<div class=\"elementor-element elementor-element-2b3f342a elementor-widget elementor-widget-heading\" data-id=\"2b3f342a\" data-element_type=\"widget\" data-widget_type=\"heading.default\">\n\t\t\t\t<div class=\"elementor-widget-container\">\n\t\t\t<h2 class=\"elementor-heading-title elementor-size-default\">Reiseprogramm\n<\/h2>\t\t<\/div>\n\t\t\t\t<\/div>\n\t\t\t\t<div class=\"elementor-element elementor-element-2babdb14 elementor-widget elementor-widget-text-editor\" data-id=\"2babdb14\" data-element_type=\"widget\" data-widget_type=\"text-editor.default\">\n\t\t\t\t<div class=\"elementor-widget-container\">\n\t\t\t\t\t\t\t<ul><li>Vom Sirkeci-Bahnhof aus erreichen wir G\u00fclhane, neben dem Arch\u00e4ologischen Museum und dem Topkapi-Palast.<\/li><li>Nach dem Betreten des Topkapi-Palastes besichtigen wir den Palast mit der Erz\u00e4hlung unseres Reisef\u00fchrers.<\/li><li>Ihr professioneller Reiseleiter hilft Ihnen dabei, Ihre Tickets ohne Wartezeit an der Museumskasse zu erhalten. Der Harem-Teil des Palastes ist nicht im regul\u00e4ren Tourprogramm enthalten. Bitte informieren Sie Reviva Tourism im Voraus, wenn Sie auch den Harem besuchen m\u00f6chten.<\/li><li>Nach dem Abschluss unseres Besuchs im Topkap\u0131-Palast verlassen wir das Bab-\u0131 H\u00fcmayun Tor des Palastes und gehen in Richtung Sultanahmet-Platz.<\/li><li>Auf dem Platz besuchen wir zun\u00e4chst die Hagia Sophia, die seit 1660 Jahren ein Gotteshaus ist.<\/li><li>Nach dem Abschluss unseres Besuchs in der Hagia Sophia setzen wir unseren Spaziergang auf dem Sultan Ahmet Platz fort.<\/li><li>Wir besuchen die Blaue Moschee, die etwa 1000 Jahre nach der Hagia Sophia erbaut wurde, mit unserem Reisef\u00fchrer.<\/li><li>Nach dem Besuch des Hippodroms\/At Meydan\u0131, direkt neben der Blauen Moschee, und der historischen Denkm\u00e4ler auf diesem Platz, gehen wir auf der Stra\u00dfe, die heute als Divan-Stra\u00dfe und in byzantinischer Zeit als Messe bekannt ist, in Richtung Gro\u00dfer Basar.<\/li><li>Im Gro\u00dfen Basar k\u00f6nnen wir uns ganz dem Geist der Stadt hingeben und uns beim Reisen durch die Geschichte verlieren. Unser Reisef\u00fchrer wird ein Auge auf Sie haben, keine Sorge, selbst wenn Sie sich verirren, werden wir Sie bald wiederfinden.<\/li><\/ul>\t\t\t\t\t\t<\/div>\n\t\t\t\t<\/div>\n\t\t\t\t<div class=\"elementor-element elementor-element-481f1f9 elementor-widget elementor-widget-heading\" data-id=\"481f1f9\" data-element_type=\"widget\" data-widget_type=\"heading.default\">\n\t\t\t\t<div class=\"elementor-widget-container\">\n\t\t\t<h2 class=\"elementor-heading-title elementor-size-default\">Dauer\n<\/h2>\t\t<\/div>\n\t\t\t\t<\/div>\n\t\t\t\t<div class=\"elementor-element elementor-element-19c62e2f elementor-widget elementor-widget-text-editor\" data-id=\"19c62e2f\" data-element_type=\"widget\" data-widget_type=\"text-editor.default\">\n\t\t\t\t<div class=\"elementor-widget-container\">\n\t\t\t\t\t\t\t<p>4-5 Stunden<\/p>\t\t\t\t\t\t<\/div>\n\t\t\t\t<\/div>\n\t\t\t\t<div class=\"elementor-element elementor-element-bf50cc8 elementor-widget elementor-widget-heading\" data-id=\"bf50cc8\" data-element_type=\"widget\" data-widget_type=\"heading.default\">\n\t\t\t\t<div class=\"elementor-widget-container\">\n\t\t\t<h2 class=\"elementor-heading-title elementor-size-default\">Inklusive\n<\/h2>\t\t<\/div>\n\t\t\t\t<\/div>\n\t\t\t\t<div class=\"elementor-element elementor-element-533da929 elementor-widget elementor-widget-text-editor\" data-id=\"533da929\" data-element_type=\"widget\" data-widget_type=\"text-editor.default\">\n\t\t\t\t<div class=\"elementor-widget-container\">\n\t\t\t\t\t\t\t<p>-Professioneller Reiseleiter<\/p><p>-Karte<\/p><p>-Wasser<\/p>\t\t\t\t\t\t<\/div>\n\t\t\t\t<\/div>\n\t\t\t\t<\/div>\n\t\t\t\t<\/div>\n\t\t<div class=\"elementor-element elementor-element-1d7811a1 e-con-full e-flex e-con e-child\" data-id=\"1d7811a1\" data-element_type=\"container\">\n\t\t<div class=\"elementor-element elementor-element-229f0776 e-con-full e-flex e-con e-child\" data-id=\"229f0776\" data-element_type=\"container\" data-settings=\"{&quot;background_background&quot;:&quot;classic&quot;}\">\n\t\t\t\t<div class=\"elementor-element elementor-element-20b35bf5 elementor-widget elementor-widget-heading\" data-id=\"20b35bf5\" data-element_type=\"widget\" data-widget_type=\"heading.default\">\n\t\t\t\t<div class=\"elementor-widget-container\">\n\t\t\t<h2 class=\"elementor-heading-title elementor-size-default\">Istanbuler Kulturtouren\n<\/h2>\t\t<\/div>\n\t\t\t\t<\/div>\n\t\t\t\t<div class=\"elementor-element elementor-element-17ff16b8 elementor-widget__width-inherit elementor-widget elementor-widget-heading\" data-id=\"17ff16b8\" data-element_type=\"widget\" data-widget_type=\"heading.default\">\n\t\t\t\t<div class=\"elementor-widget-container\">\n\t\t\t<h2 class=\"elementor-heading-title elementor-size-default\">Genie\u00dfen Sie Ihre Reise\n<\/h2>\t\t<\/div>\n\t\t\t\t<\/div>\n\t\t\t\t<div class=\"elementor-element elementor-element-7ac94ce6 elementor-grid-1 elementor-grid-tablet-3 elementor-widget-mobile__width-inherit elementor-grid-mobile-1 elementor-posts--thumbnail-top elementor-widget elementor-widget-posts\" data-id=\"7ac94ce6\" data-element_type=\"widget\" data-settings=\"{&quot;classic_columns&quot;:&quot;1&quot;,&quot;classic_columns_tablet&quot;:&quot;3&quot;,&quot;classic_row_gap&quot;:{&quot;unit&quot;:&quot;px&quot;,&quot;size&quot;:14,&quot;sizes&quot;:[]},&quot;classic_columns_mobile&quot;:&quot;1&quot;,&quot;classic_row_gap_tablet&quot;:{&quot;unit&quot;:&quot;px&quot;,&quot;size&quot;:&quot;&quot;,&quot;sizes&quot;:[]},&quot;classic_row_gap_mobile&quot;:{&quot;unit&quot;:&quot;px&quot;,&quot;size&quot;:&quot;&quot;,&quot;sizes&quot;:[]}}\" data-widget_type=\"posts.classic\">\n\t\t\t\t<div class=\"elementor-widget-container\">\n\t\t\t\t\t<div class=\"elementor-posts-container elementor-posts elementor-posts--skin-classic elementor-grid\">\n\t\t\t\t<article class=\"elementor-post elementor-grid-item post-1862 page type-page status-publish has-post-thumbnail hentry\">\n\t\t\t\t<a class=\"elementor-post__thumbnail__link\" href=\"https:\/\/revivacare.com\/de\/istanbuls-musikroute\/\" tabindex=\"-1\" >\n\t\t\t<div class=\"elementor-post__thumbnail\"><img decoding=\"async\" width=\"1500\" height=\"1000\" src=\"https:\/\/revivacare.com\/wp-content\/uploads\/2024\/07\/istanbuls-music-route.webp\" class=\"attachment-full size-full wp-image-1844\" alt=\"\" srcset=\"https:\/\/revivacare.com\/wp-content\/uploads\/2024\/07\/istanbuls-music-route.webp 1500w, https:\/\/revivacare.com\/wp-content\/uploads\/2024\/07\/istanbuls-music-route-300x200.webp 300w, https:\/\/revivacare.com\/wp-content\/uploads\/2024\/07\/istanbuls-music-route-1024x683.webp 1024w, https:\/\/revivacare.com\/wp-content\/uploads\/2024\/07\/istanbuls-music-route-768x512.webp 768w, https:\/\/revivacare.com\/wp-content\/uploads\/2024\/07\/istanbuls-music-route-1200x800.webp 1200w\" sizes=\"(max-width: 1500px) 100vw, 1500px\" \/><\/div>\n\t\t<\/a>\n\t\t\t\t<div class=\"elementor-post__text\">\n\t\t\t\t<h3 class=\"elementor-post__title\">\n\t\t\t<a href=\"https:\/\/revivacare.com\/de\/istanbuls-musikroute\/\" >\n\t\t\t\t\u0130stanbuls Musikroute\t\t\t<\/a>\n\t\t<\/h3>\n\t\t\t\t\t<div class=\"elementor-post__read-more-wrapper\">\n\t\t\n\t\t<a class=\"elementor-post__read-more\" href=\"https:\/\/revivacare.com\/de\/istanbuls-musikroute\/\" aria-label=\"Read more about \u0130stanbuls Musikroute\" tabindex=\"-1\" >\n\t\t\tEntdecken\t\t<\/a>\n\n\t\t\t\t\t<\/div>\n\t\t\t\t<\/div>\n\t\t\t\t<\/article>\n\t\t\t\t<article class=\"elementor-post elementor-grid-item post-1865 page type-page status-publish has-post-thumbnail hentry\">\n\t\t\t\t<a class=\"elementor-post__thumbnail__link\" href=\"https:\/\/revivacare.com\/de\/religioese-mystische-tour\/\" tabindex=\"-1\" >\n\t\t\t<div class=\"elementor-post__thumbnail\"><img decoding=\"async\" width=\"1500\" height=\"1000\" src=\"https:\/\/revivacare.com\/wp-content\/uploads\/2024\/07\/inside-hagia.webp\" class=\"attachment-full size-full wp-image-1840\" alt=\"\" srcset=\"https:\/\/revivacare.com\/wp-content\/uploads\/2024\/07\/inside-hagia.webp 1500w, https:\/\/revivacare.com\/wp-content\/uploads\/2024\/07\/inside-hagia-300x200.webp 300w, https:\/\/revivacare.com\/wp-content\/uploads\/2024\/07\/inside-hagia-1024x683.webp 1024w, https:\/\/revivacare.com\/wp-content\/uploads\/2024\/07\/inside-hagia-768x512.webp 768w, https:\/\/revivacare.com\/wp-content\/uploads\/2024\/07\/inside-hagia-1200x800.webp 1200w\" sizes=\"(max-width: 1500px) 100vw, 1500px\" \/><\/div>\n\t\t<\/a>\n\t\t\t\t<div class=\"elementor-post__text\">\n\t\t\t\t<h3 class=\"elementor-post__title\">\n\t\t\t<a href=\"https:\/\/revivacare.com\/de\/religioese-mystische-tour\/\" >\n\t\t\t\tReligi\u00f6se Mystische Tour\t\t\t<\/a>\n\t\t<\/h3>\n\t\t\t\t\t<div class=\"elementor-post__read-more-wrapper\">\n\t\t\n\t\t<a class=\"elementor-post__read-more\" href=\"https:\/\/revivacare.com\/de\/religioese-mystische-tour\/\" aria-label=\"Read more about Religi\u00f6se Mystische Tour\" tabindex=\"-1\" >\n\t\t\tEntdecken\t\t<\/a>\n\n\t\t\t\t\t<\/div>\n\t\t\t\t<\/div>\n\t\t\t\t<\/article>\n\t\t\t\t<article class=\"elementor-post elementor-grid-item post-1885 page type-page status-publish has-post-thumbnail hentry\">\n\t\t\t\t<a class=\"elementor-post__thumbnail__link\" href=\"https:\/\/revivacare.com\/de\/gastro-tour\/\" tabindex=\"-1\" >\n\t\t\t<div class=\"elementor-post__thumbnail\"><img loading=\"lazy\" decoding=\"async\" width=\"1500\" height=\"1000\" src=\"https:\/\/revivacare.com\/wp-content\/uploads\/2024\/07\/gastro-tour.webp\" class=\"attachment-full size-full wp-image-1836\" alt=\"\" srcset=\"https:\/\/revivacare.com\/wp-content\/uploads\/2024\/07\/gastro-tour.webp 1500w, https:\/\/revivacare.com\/wp-content\/uploads\/2024\/07\/gastro-tour-300x200.webp 300w, https:\/\/revivacare.com\/wp-content\/uploads\/2024\/07\/gastro-tour-1024x683.webp 1024w, https:\/\/revivacare.com\/wp-content\/uploads\/2024\/07\/gastro-tour-768x512.webp 768w, https:\/\/revivacare.com\/wp-content\/uploads\/2024\/07\/gastro-tour-1200x800.webp 1200w\" sizes=\"(max-width: 1500px) 100vw, 1500px\" \/><\/div>\n\t\t<\/a>\n\t\t\t\t<div class=\"elementor-post__text\">\n\t\t\t\t<h3 class=\"elementor-post__title\">\n\t\t\t<a href=\"https:\/\/revivacare.com\/de\/gastro-tour\/\" >\n\t\t\t\tGastro Tour\t\t\t<\/a>\n\t\t<\/h3>\n\t\t\t\t\t<div class=\"elementor-post__read-more-wrapper\">\n\t\t\n\t\t<a class=\"elementor-post__read-more\" href=\"https:\/\/revivacare.com\/de\/gastro-tour\/\" aria-label=\"Read more about Gastro Tour\" tabindex=\"-1\" >\n\t\t\tEntdecken\t\t<\/a>\n\n\t\t\t\t\t<\/div>\n\t\t\t\t<\/div>\n\t\t\t\t<\/article>\n\t\t\t\t<article class=\"elementor-post elementor-grid-item post-1893 page type-page status-publish has-post-thumbnail hentry\">\n\t\t\t\t<a class=\"elementor-post__thumbnail__link\" href=\"https:\/\/revivacare.com\/de\/fener-balat-ayvansaray-zu-fuss-tour\/\" tabindex=\"-1\" >\n\t\t\t<div class=\"elementor-post__thumbnail\"><img loading=\"lazy\" decoding=\"async\" width=\"1500\" height=\"1000\" src=\"https:\/\/revivacare.com\/wp-content\/uploads\/2024\/07\/fener-balat.webp\" class=\"attachment-full size-full wp-image-1832\" alt=\"\" srcset=\"https:\/\/revivacare.com\/wp-content\/uploads\/2024\/07\/fener-balat.webp 1500w, https:\/\/revivacare.com\/wp-content\/uploads\/2024\/07\/fener-balat-300x200.webp 300w, https:\/\/revivacare.com\/wp-content\/uploads\/2024\/07\/fener-balat-1024x683.webp 1024w, https:\/\/revivacare.com\/wp-content\/uploads\/2024\/07\/fener-balat-768x512.webp 768w, https:\/\/revivacare.com\/wp-content\/uploads\/2024\/07\/fener-balat-1200x800.webp 1200w\" sizes=\"(max-width: 1500px) 100vw, 1500px\" \/><\/div>\n\t\t<\/a>\n\t\t\t\t<div class=\"elementor-post__text\">\n\t\t\t\t<h3 class=\"elementor-post__title\">\n\t\t\t<a href=\"https:\/\/revivacare.com\/de\/fener-balat-ayvansaray-zu-fuss-tour\/\" >\n\t\t\t\tFener-Balat-Ayvansaray zu Fu\u00df Tour\t\t\t<\/a>\n\t\t<\/h3>\n\t\t\t\t\t<div class=\"elementor-post__read-more-wrapper\">\n\t\t\n\t\t<a class=\"elementor-post__read-more\" href=\"https:\/\/revivacare.com\/de\/fener-balat-ayvansaray-zu-fuss-tour\/\" aria-label=\"Read more about Fener-Balat-Ayvansaray zu Fu\u00df Tour\" tabindex=\"-1\" >\n\t\t\tEntdecken\t\t<\/a>\n\n\t\t\t\t\t<\/div>\n\t\t\t\t<\/div>\n\t\t\t\t<\/article>\n\t\t\t\t<article class=\"elementor-post elementor-grid-item post-1933 page type-page status-publish has-post-thumbnail hentry\">\n\t\t\t\t<a class=\"elementor-post__thumbnail__link\" href=\"https:\/\/revivacare.com\/de\/istanbul-altstadt-zu-fuss-tour\/\" tabindex=\"-1\" >\n\t\t\t<div class=\"elementor-post__thumbnail\"><img loading=\"lazy\" decoding=\"async\" width=\"1500\" height=\"1000\" src=\"https:\/\/revivacare.com\/wp-content\/uploads\/2024\/07\/hagia-sophia-aerial.webp\" class=\"attachment-full size-full wp-image-1828\" alt=\"\" srcset=\"https:\/\/revivacare.com\/wp-content\/uploads\/2024\/07\/hagia-sophia-aerial.webp 1500w, https:\/\/revivacare.com\/wp-content\/uploads\/2024\/07\/hagia-sophia-aerial-300x200.webp 300w, https:\/\/revivacare.com\/wp-content\/uploads\/2024\/07\/hagia-sophia-aerial-1024x683.webp 1024w, https:\/\/revivacare.com\/wp-content\/uploads\/2024\/07\/hagia-sophia-aerial-768x512.webp 768w, https:\/\/revivacare.com\/wp-content\/uploads\/2024\/07\/hagia-sophia-aerial-1200x800.webp 1200w\" sizes=\"(max-width: 1500px) 100vw, 1500px\" \/><\/div>\n\t\t<\/a>\n\t\t\t\t<div class=\"elementor-post__text\">\n\t\t\t\t<h3 class=\"elementor-post__title\">\n\t\t\t<a href=\"https:\/\/revivacare.com\/de\/istanbul-altstadt-zu-fuss-tour\/\" >\n\t\t\t\tIstanbul Altstadt zu Fu\u00df Tour\t\t\t<\/a>\n\t\t<\/h3>\n\t\t\t\t\t<div class=\"elementor-post__read-more-wrapper\">\n\t\t\n\t\t<a class=\"elementor-post__read-more\" href=\"https:\/\/revivacare.com\/de\/istanbul-altstadt-zu-fuss-tour\/\" aria-label=\"Read more about Istanbul Altstadt zu Fu\u00df Tour\" tabindex=\"-1\" >\n\t\t\tEntdecken\t\t<\/a>\n\n\t\t\t\t\t<\/div>\n\t\t\t\t<\/div>\n\t\t\t\t<\/article>\n\t\t\t\t<article class=\"elementor-post elementor-grid-item post-1965 page type-page status-publish has-post-thumbnail hentry\">\n\t\t\t\t<a class=\"elementor-post__thumbnail__link\" href=\"https:\/\/revivacare.com\/de\/shopping-tour\/\" tabindex=\"-1\" >\n\t\t\t<div class=\"elementor-post__thumbnail\"><img loading=\"lazy\" decoding=\"async\" width=\"1500\" height=\"1000\" src=\"https:\/\/revivacare.com\/wp-content\/uploads\/2024\/07\/kapalicarsi-grand.webp\" class=\"attachment-full size-full wp-image-1644\" alt=\"\" srcset=\"https:\/\/revivacare.com\/wp-content\/uploads\/2024\/07\/kapalicarsi-grand.webp 1500w, https:\/\/revivacare.com\/wp-content\/uploads\/2024\/07\/kapalicarsi-grand-300x200.webp 300w, https:\/\/revivacare.com\/wp-content\/uploads\/2024\/07\/kapalicarsi-grand-1024x683.webp 1024w, https:\/\/revivacare.com\/wp-content\/uploads\/2024\/07\/kapalicarsi-grand-768x512.webp 768w, https:\/\/revivacare.com\/wp-content\/uploads\/2024\/07\/kapalicarsi-grand-1200x800.webp 1200w\" sizes=\"(max-width: 1500px) 100vw, 1500px\" \/><\/div>\n\t\t<\/a>\n\t\t\t\t<div class=\"elementor-post__text\">\n\t\t\t\t<h3 class=\"elementor-post__title\">\n\t\t\t<a href=\"https:\/\/revivacare.com\/de\/shopping-tour\/\" >\n\t\t\t\tShopping Tour\t\t\t<\/a>\n\t\t<\/h3>\n\t\t\t\t\t<div class=\"elementor-post__read-more-wrapper\">\n\t\t\n\t\t<a class=\"elementor-post__read-more\" href=\"https:\/\/revivacare.com\/de\/shopping-tour\/\" aria-label=\"Read more about Shopping Tour\" tabindex=\"-1\" >\n\t\t\tEntdecken\t\t<\/a>\n\n\t\t\t\t\t<\/div>\n\t\t\t\t<\/div>\n\t\t\t\t<\/article>\n\t\t\t\t<\/div>\n\t\t\n\t\t\t\t<\/div>\n\t\t\t\t<\/div>\n\t\t\t\t<\/div>\n\t\t\t\t<\/div>\n\t\t\t\t<\/div>\n\t\t\t\t<\/div>\n\t\t","protected":false},"excerpt":{"rendered":"<p>Istanbul Altstadt zu Fu\u00df Tour \u00dcber die Tour Reisen Sie zur\u00fcck in die Zeit des alten Konstantinopel (Ostrom) und des Osmanischen Reiches auf dieser gef\u00fchrten<\/p>\n","protected":false},"author":2,"featured_media":1828,"parent":0,"menu_order":0,"comment_status":"closed","ping_status":"closed","template":"","meta":{"footnotes":""},"class_list":["post-1933","page","type-page","status-publish","has-post-thumbnail","hentry"],"_links":{"self":[{"href":"https:\/\/revivacare.com\/de\/wp-json\/wp\/v2\/pages\/1933"}],"collection":[{"href":"https:\/\/revivacare.com\/de\/wp-json\/wp\/v2\/pages"}],"about":[{"href":"https:\/\/revivacare.com\/de\/wp-json\/wp\/v2\/types\/page"}],"author":[{"embeddable":true,"href":"https:\/\/revivacare.com\/de\/wp-json\/wp\/v2\/users\/2"}],"replies":[{"embeddable":true,"href":"https:\/\/revivacare.com\/de\/wp-json\/wp\/v2\/comments?post=1933"}],"version-history":[{"count":0,"href":"https:\/\/revivacare.com\/de\/wp-json\/wp\/v2\/pages\/1933\/revisions"}],"wp:featuredmedia":[{"embeddable":true,"href":"https:\/\/revivacare.com\/de\/wp-json\/wp\/v2\/media\/1828"}],"wp:attachment":[{"href":"https:\/\/revivacare.com\/de\/wp-json\/wp\/v2\/media?parent=1933"}],"curies":[{"name":"wp","href":"https:\/\/api.w.org\/{rel}","templated":true}]}}