{"id":1965,"date":"2024-07-16T20:10:44","date_gmt":"2024-07-16T17:10:44","guid":{"rendered":"https:\/\/revivacare.com\/?page_id=1965"},"modified":"2024-08-18T17:22:11","modified_gmt":"2024-08-18T14:22:11","slug":"shopping-tour","status":"publish","type":"page","link":"https:\/\/revivacare.com\/de\/shopping-tour\/","title":{"rendered":"Shopping Tour"},"content":{"rendered":"\t\t<div data-elementor-type=\"wp-page\" data-elementor-id=\"1965\" class=\"elementor elementor-1965 elementor-1354\" data-elementor-post-type=\"page\">\n\t\t\t\t<div class=\"elementor-element elementor-element-6358f02a e-con-full e-flex e-con e-parent\" data-id=\"6358f02a\" data-element_type=\"container\">\n\t\t<div class=\"elementor-element elementor-element-477fbbe6 e-con-full e-flex e-con e-child\" data-id=\"477fbbe6\" data-element_type=\"container\">\n\t\t<div class=\"elementor-element elementor-element-3b1ae942 e-con-full e-flex e-con e-child\" data-id=\"3b1ae942\" data-element_type=\"container\">\n\t\t\t\t<div class=\"elementor-element elementor-element-698a2ab9 elementor-widget elementor-widget-heading\" data-id=\"698a2ab9\" data-element_type=\"widget\" data-widget_type=\"heading.default\">\n\t\t\t\t<div class=\"elementor-widget-container\">\n\t\t\t<h1 class=\"elementor-heading-title elementor-size-default\">Shopping Tour<\/h1>\t\t<\/div>\n\t\t\t\t<\/div>\n\t\t\t\t<\/div>\n\t\t<div class=\"elementor-element elementor-element-2966a3fb e-con-full e-flex e-con e-child\" data-id=\"2966a3fb\" data-element_type=\"container\">\n\t\t\t\t<div class=\"elementor-element elementor-element-59eb4275 elementor-widget elementor-widget-image\" data-id=\"59eb4275\" data-element_type=\"widget\" data-widget_type=\"image.default\">\n\t\t\t\t<div class=\"elementor-widget-container\">\n\t\t\t\t\t\t\t\t\t\t\t\t\t<img fetchpriority=\"high\" decoding=\"async\" width=\"1500\" height=\"1000\" src=\"https:\/\/revivacare.com\/wp-content\/uploads\/2024\/07\/kapalicarsi-grand.webp\" class=\"attachment-full size-full wp-image-464\" alt=\"\" srcset=\"https:\/\/revivacare.com\/wp-content\/uploads\/2024\/07\/kapalicarsi-grand.webp 1500w, https:\/\/revivacare.com\/wp-content\/uploads\/2024\/07\/kapalicarsi-grand-300x200.webp 300w, https:\/\/revivacare.com\/wp-content\/uploads\/2024\/07\/kapalicarsi-grand-1024x683.webp 1024w, https:\/\/revivacare.com\/wp-content\/uploads\/2024\/07\/kapalicarsi-grand-768x512.webp 768w, https:\/\/revivacare.com\/wp-content\/uploads\/2024\/07\/kapalicarsi-grand-1200x800.webp 1200w\" sizes=\"(max-width: 1500px) 100vw, 1500px\" \/>\t\t\t\t\t\t\t\t\t\t\t\t\t<\/div>\n\t\t\t\t<\/div>\n\t\t\t\t<\/div>\n\t\t<div class=\"elementor-element elementor-element-1a578aa4 e-con-full e-flex e-con e-child\" data-id=\"1a578aa4\" data-element_type=\"container\">\n\t\t\t\t<div class=\"elementor-element elementor-element-45e95040 elementor-widget elementor-widget-heading\" data-id=\"45e95040\" data-element_type=\"widget\" data-widget_type=\"heading.default\">\n\t\t\t\t<div class=\"elementor-widget-container\">\n\t\t\t<h2 class=\"elementor-heading-title elementor-size-default\">\u00dcber die Tour\n<\/h2>\t\t<\/div>\n\t\t\t\t<\/div>\n\t\t\t\t<div class=\"elementor-element elementor-element-7397aea8 elementor-widget elementor-widget-text-editor\" data-id=\"7397aea8\" data-element_type=\"widget\" data-widget_type=\"text-editor.default\">\n\t\t\t\t<div class=\"elementor-widget-container\">\n\t\t\t\t\t\t\t<p>Istanbul bietet unglaubliche Einkaufsm\u00f6glichkeiten und ist seit Jahrhunderten eines der wichtigsten Attraktionszentren der Welt, das jedes Jahr genauso viele Besucher empf\u00e4ngt wie Einwohner.<\/p><p>Der Gro\u00dfe Basar bietet Ihnen unz\u00e4hlige Optionen wie Teppiche, Schmuck, Antiquit\u00e4ten, Taschen, Schuhe, M\u00f6bel, Souvenirs und t\u00fcrkischen Honig.<\/p><p>Wenn Sie sich fragen, wo die Einkaufsgewohnheiten der Einheimischen liegen: Mahmutpa\u015fa, Tahtakale und der Gew\u00fcrzbasar sind sehr nahe am Gro\u00dfen Basar.<\/p><p>Eine der unverzichtbaren Optionen f\u00fcr das Einkaufen in Istanbul sind die Stadtteilm\u00e4rkte; Stadtteilm\u00e4rkte in Fatih, Be\u015fikta\u015f, Bak\u0131rk\u00f6y und Kad\u0131k\u00f6y geh\u00f6ren zu den M\u00e4rkten, die mit einer Vielzahl von Einkaufsm\u00f6glichkeiten unbedingt besucht werden sollten.<\/p><p>Istanbul hat auch viele Einkaufszentren, die die Gesch\u00e4fte gro\u00dfer, bekannter Marken beherbergen. Es ist m\u00f6glich, sehr vorteilhafte Preise im Vergleich zu denen in Ihrem eigenen Land zu finden.<\/p>\t\t\t\t\t\t<\/div>\n\t\t\t\t<\/div>\n\t\t\t\t<div class=\"elementor-element elementor-element-45dd9eaa elementor-widget elementor-widget-heading\" data-id=\"45dd9eaa\" data-element_type=\"widget\" data-widget_type=\"heading.default\">\n\t\t\t\t<div class=\"elementor-widget-container\">\n\t\t\t<h2 class=\"elementor-heading-title elementor-size-default\">Reiseprogramm\n<\/h2>\t\t<\/div>\n\t\t\t\t<\/div>\n\t\t\t\t<div class=\"elementor-element elementor-element-157e6ba elementor-widget elementor-widget-text-editor\" data-id=\"157e6ba\" data-element_type=\"widget\" data-widget_type=\"text-editor.default\">\n\t\t\t\t<div class=\"elementor-widget-container\">\n\t\t\t\t\t\t\t<ul><li>Spaziergang durch die Einkaufsgeschichte im Gro\u00dfen Basar, der 61 \u00fcberdachte Stra\u00dfen und \u00fcber 4.000 Gesch\u00e4fte auf einer Gesamtfl\u00e4che von 30.700 m\u00b2 umfasst.<\/li><li>Erkunden der Stra\u00dfen von Mahmutpa\u015fa, Gew\u00fcrzbasar, Emin\u00f6n\u00fc und Tahtakale, wo Einheimische zu g\u00fcnstigeren Preisen einkaufen.<\/li><li>Wir k\u00f6nnen unseren Besuch der Stadtteilm\u00e4rkte je nach dem Tag planen, an dem Sie Ihre Tour machen m\u00f6chten. Da diese Stadtteilm\u00e4rkte an bestimmten Wochentagen ge\u00f6ffnet sind und nicht an allen Wochentagen.<\/li><li>Ein Besuch in einem Einkaufszentrum kann ebenfalls nach Ihrer Einkaufsliste und Ihren Anforderungen arrangiert werden; wir k\u00f6nnen Ihnen unsere Ratschl\u00e4ge geben und Sie k\u00f6nnen w\u00e4hlen, wohin Sie gehen m\u00f6chten.<\/li><\/ul>\t\t\t\t\t\t<\/div>\n\t\t\t\t<\/div>\n\t\t\t\t<div class=\"elementor-element elementor-element-40eb6c59 elementor-widget elementor-widget-heading\" data-id=\"40eb6c59\" data-element_type=\"widget\" data-widget_type=\"heading.default\">\n\t\t\t\t<div class=\"elementor-widget-container\">\n\t\t\t<h2 class=\"elementor-heading-title elementor-size-default\">Dauer<\/h2>\t\t<\/div>\n\t\t\t\t<\/div>\n\t\t\t\t<div class=\"elementor-element elementor-element-1f550a67 elementor-widget elementor-widget-text-editor\" data-id=\"1f550a67\" data-element_type=\"widget\" data-widget_type=\"text-editor.default\">\n\t\t\t\t<div class=\"elementor-widget-container\">\n\t\t\t\t\t\t\t<p>4 Stunden<\/p>\t\t\t\t\t\t<\/div>\n\t\t\t\t<\/div>\n\t\t\t\t<div class=\"elementor-element elementor-element-1c554ccf elementor-widget elementor-widget-heading\" data-id=\"1c554ccf\" data-element_type=\"widget\" data-widget_type=\"heading.default\">\n\t\t\t\t<div class=\"elementor-widget-container\">\n\t\t\t<h2 class=\"elementor-heading-title elementor-size-default\">Inklusive<\/h2>\t\t<\/div>\n\t\t\t\t<\/div>\n\t\t\t\t<div class=\"elementor-element elementor-element-5a6ace94 elementor-widget elementor-widget-text-editor\" data-id=\"5a6ace94\" data-element_type=\"widget\" data-widget_type=\"text-editor.default\">\n\t\t\t\t<div class=\"elementor-widget-container\">\n\t\t\t\t\t\t\t<p>-Eintrittsgeb\u00fchren<\/p><p>-Professionelle F\u00fchrung in Englisch<\/p><p>-Abholservice von zentral gelegenen Hotels<\/p>\t\t\t\t\t\t<\/div>\n\t\t\t\t<\/div>\n\t\t\t\t<\/div>\n\t\t\t\t<\/div>\n\t\t<div class=\"elementor-element elementor-element-48ce1341 e-con-full e-flex e-con e-child\" data-id=\"48ce1341\" data-element_type=\"container\">\n\t\t<div class=\"elementor-element elementor-element-b37caa6 e-con-full e-flex e-con e-child\" data-id=\"b37caa6\" data-element_type=\"container\" data-settings=\"{&quot;background_background&quot;:&quot;classic&quot;}\">\n\t\t\t\t<div class=\"elementor-element elementor-element-7c60113b elementor-widget elementor-widget-heading\" data-id=\"7c60113b\" data-element_type=\"widget\" data-widget_type=\"heading.default\">\n\t\t\t\t<div class=\"elementor-widget-container\">\n\t\t\t<h2 class=\"elementor-heading-title elementor-size-default\">Istanbuler Kulturtouren\n<\/h2>\t\t<\/div>\n\t\t\t\t<\/div>\n\t\t\t\t<div class=\"elementor-element elementor-element-2675cb08 elementor-widget__width-inherit elementor-widget elementor-widget-heading\" data-id=\"2675cb08\" data-element_type=\"widget\" data-widget_type=\"heading.default\">\n\t\t\t\t<div class=\"elementor-widget-container\">\n\t\t\t<h2 class=\"elementor-heading-title elementor-size-default\">Genie\u00dfen Sie Ihre Reise\n<\/h2>\t\t<\/div>\n\t\t\t\t<\/div>\n\t\t\t\t<div class=\"elementor-element elementor-element-1b0fe66b elementor-grid-1 elementor-grid-tablet-3 elementor-widget-mobile__width-inherit elementor-grid-mobile-1 elementor-posts--thumbnail-top elementor-widget elementor-widget-posts\" data-id=\"1b0fe66b\" data-element_type=\"widget\" data-settings=\"{&quot;classic_columns&quot;:&quot;1&quot;,&quot;classic_columns_tablet&quot;:&quot;3&quot;,&quot;classic_row_gap&quot;:{&quot;unit&quot;:&quot;px&quot;,&quot;size&quot;:14,&quot;sizes&quot;:[]},&quot;classic_columns_mobile&quot;:&quot;1&quot;,&quot;classic_row_gap_tablet&quot;:{&quot;unit&quot;:&quot;px&quot;,&quot;size&quot;:&quot;&quot;,&quot;sizes&quot;:[]},&quot;classic_row_gap_mobile&quot;:{&quot;unit&quot;:&quot;px&quot;,&quot;size&quot;:&quot;&quot;,&quot;sizes&quot;:[]}}\" data-widget_type=\"posts.classic\">\n\t\t\t\t<div class=\"elementor-widget-container\">\n\t\t\t\t\t<div class=\"elementor-posts-container elementor-posts elementor-posts--skin-classic elementor-grid\">\n\t\t\t\t<article class=\"elementor-post elementor-grid-item post-1862 page type-page status-publish has-post-thumbnail hentry\">\n\t\t\t\t<a class=\"elementor-post__thumbnail__link\" href=\"https:\/\/revivacare.com\/de\/istanbuls-musikroute\/\" tabindex=\"-1\" >\n\t\t\t<div class=\"elementor-post__thumbnail\"><img decoding=\"async\" width=\"1500\" height=\"1000\" src=\"https:\/\/revivacare.com\/wp-content\/uploads\/2024\/07\/istanbuls-music-route.webp\" class=\"attachment-full size-full wp-image-1844\" alt=\"\" srcset=\"https:\/\/revivacare.com\/wp-content\/uploads\/2024\/07\/istanbuls-music-route.webp 1500w, https:\/\/revivacare.com\/wp-content\/uploads\/2024\/07\/istanbuls-music-route-300x200.webp 300w, https:\/\/revivacare.com\/wp-content\/uploads\/2024\/07\/istanbuls-music-route-1024x683.webp 1024w, https:\/\/revivacare.com\/wp-content\/uploads\/2024\/07\/istanbuls-music-route-768x512.webp 768w, https:\/\/revivacare.com\/wp-content\/uploads\/2024\/07\/istanbuls-music-route-1200x800.webp 1200w\" sizes=\"(max-width: 1500px) 100vw, 1500px\" \/><\/div>\n\t\t<\/a>\n\t\t\t\t<div class=\"elementor-post__text\">\n\t\t\t\t<h3 class=\"elementor-post__title\">\n\t\t\t<a href=\"https:\/\/revivacare.com\/de\/istanbuls-musikroute\/\" >\n\t\t\t\t\u0130stanbuls Musikroute\t\t\t<\/a>\n\t\t<\/h3>\n\t\t\t\t\t<div class=\"elementor-post__read-more-wrapper\">\n\t\t\n\t\t<a class=\"elementor-post__read-more\" href=\"https:\/\/revivacare.com\/de\/istanbuls-musikroute\/\" aria-label=\"Read more about \u0130stanbuls Musikroute\" tabindex=\"-1\" >\n\t\t\tEntdecken\t\t<\/a>\n\n\t\t\t\t\t<\/div>\n\t\t\t\t<\/div>\n\t\t\t\t<\/article>\n\t\t\t\t<article class=\"elementor-post elementor-grid-item post-1865 page type-page status-publish has-post-thumbnail hentry\">\n\t\t\t\t<a class=\"elementor-post__thumbnail__link\" href=\"https:\/\/revivacare.com\/de\/religioese-mystische-tour\/\" tabindex=\"-1\" >\n\t\t\t<div class=\"elementor-post__thumbnail\"><img decoding=\"async\" width=\"1500\" height=\"1000\" src=\"https:\/\/revivacare.com\/wp-content\/uploads\/2024\/07\/inside-hagia.webp\" class=\"attachment-full size-full wp-image-1840\" alt=\"\" srcset=\"https:\/\/revivacare.com\/wp-content\/uploads\/2024\/07\/inside-hagia.webp 1500w, https:\/\/revivacare.com\/wp-content\/uploads\/2024\/07\/inside-hagia-300x200.webp 300w, https:\/\/revivacare.com\/wp-content\/uploads\/2024\/07\/inside-hagia-1024x683.webp 1024w, https:\/\/revivacare.com\/wp-content\/uploads\/2024\/07\/inside-hagia-768x512.webp 768w, https:\/\/revivacare.com\/wp-content\/uploads\/2024\/07\/inside-hagia-1200x800.webp 1200w\" sizes=\"(max-width: 1500px) 100vw, 1500px\" \/><\/div>\n\t\t<\/a>\n\t\t\t\t<div class=\"elementor-post__text\">\n\t\t\t\t<h3 class=\"elementor-post__title\">\n\t\t\t<a href=\"https:\/\/revivacare.com\/de\/religioese-mystische-tour\/\" >\n\t\t\t\tReligi\u00f6se Mystische Tour\t\t\t<\/a>\n\t\t<\/h3>\n\t\t\t\t\t<div class=\"elementor-post__read-more-wrapper\">\n\t\t\n\t\t<a class=\"elementor-post__read-more\" href=\"https:\/\/revivacare.com\/de\/religioese-mystische-tour\/\" aria-label=\"Read more about Religi\u00f6se Mystische Tour\" tabindex=\"-1\" >\n\t\t\tEntdecken\t\t<\/a>\n\n\t\t\t\t\t<\/div>\n\t\t\t\t<\/div>\n\t\t\t\t<\/article>\n\t\t\t\t<article class=\"elementor-post elementor-grid-item post-1885 page type-page status-publish has-post-thumbnail hentry\">\n\t\t\t\t<a class=\"elementor-post__thumbnail__link\" href=\"https:\/\/revivacare.com\/de\/gastro-tour\/\" tabindex=\"-1\" >\n\t\t\t<div class=\"elementor-post__thumbnail\"><img loading=\"lazy\" decoding=\"async\" width=\"1500\" height=\"1000\" src=\"https:\/\/revivacare.com\/wp-content\/uploads\/2024\/07\/gastro-tour.webp\" class=\"attachment-full size-full wp-image-1836\" alt=\"\" srcset=\"https:\/\/revivacare.com\/wp-content\/uploads\/2024\/07\/gastro-tour.webp 1500w, https:\/\/revivacare.com\/wp-content\/uploads\/2024\/07\/gastro-tour-300x200.webp 300w, https:\/\/revivacare.com\/wp-content\/uploads\/2024\/07\/gastro-tour-1024x683.webp 1024w, https:\/\/revivacare.com\/wp-content\/uploads\/2024\/07\/gastro-tour-768x512.webp 768w, https:\/\/revivacare.com\/wp-content\/uploads\/2024\/07\/gastro-tour-1200x800.webp 1200w\" sizes=\"(max-width: 1500px) 100vw, 1500px\" \/><\/div>\n\t\t<\/a>\n\t\t\t\t<div class=\"elementor-post__text\">\n\t\t\t\t<h3 class=\"elementor-post__title\">\n\t\t\t<a href=\"https:\/\/revivacare.com\/de\/gastro-tour\/\" >\n\t\t\t\tGastro Tour\t\t\t<\/a>\n\t\t<\/h3>\n\t\t\t\t\t<div class=\"elementor-post__read-more-wrapper\">\n\t\t\n\t\t<a class=\"elementor-post__read-more\" href=\"https:\/\/revivacare.com\/de\/gastro-tour\/\" aria-label=\"Read more about Gastro Tour\" tabindex=\"-1\" >\n\t\t\tEntdecken\t\t<\/a>\n\n\t\t\t\t\t<\/div>\n\t\t\t\t<\/div>\n\t\t\t\t<\/article>\n\t\t\t\t<article class=\"elementor-post elementor-grid-item post-1893 page type-page status-publish has-post-thumbnail hentry\">\n\t\t\t\t<a class=\"elementor-post__thumbnail__link\" href=\"https:\/\/revivacare.com\/de\/fener-balat-ayvansaray-zu-fuss-tour\/\" tabindex=\"-1\" >\n\t\t\t<div class=\"elementor-post__thumbnail\"><img loading=\"lazy\" decoding=\"async\" width=\"1500\" height=\"1000\" src=\"https:\/\/revivacare.com\/wp-content\/uploads\/2024\/07\/fener-balat.webp\" class=\"attachment-full size-full wp-image-1832\" alt=\"\" srcset=\"https:\/\/revivacare.com\/wp-content\/uploads\/2024\/07\/fener-balat.webp 1500w, https:\/\/revivacare.com\/wp-content\/uploads\/2024\/07\/fener-balat-300x200.webp 300w, https:\/\/revivacare.com\/wp-content\/uploads\/2024\/07\/fener-balat-1024x683.webp 1024w, https:\/\/revivacare.com\/wp-content\/uploads\/2024\/07\/fener-balat-768x512.webp 768w, https:\/\/revivacare.com\/wp-content\/uploads\/2024\/07\/fener-balat-1200x800.webp 1200w\" sizes=\"(max-width: 1500px) 100vw, 1500px\" \/><\/div>\n\t\t<\/a>\n\t\t\t\t<div class=\"elementor-post__text\">\n\t\t\t\t<h3 class=\"elementor-post__title\">\n\t\t\t<a href=\"https:\/\/revivacare.com\/de\/fener-balat-ayvansaray-zu-fuss-tour\/\" >\n\t\t\t\tFener-Balat-Ayvansaray zu Fu\u00df Tour\t\t\t<\/a>\n\t\t<\/h3>\n\t\t\t\t\t<div class=\"elementor-post__read-more-wrapper\">\n\t\t\n\t\t<a class=\"elementor-post__read-more\" href=\"https:\/\/revivacare.com\/de\/fener-balat-ayvansaray-zu-fuss-tour\/\" aria-label=\"Read more about Fener-Balat-Ayvansaray zu Fu\u00df Tour\" tabindex=\"-1\" >\n\t\t\tEntdecken\t\t<\/a>\n\n\t\t\t\t\t<\/div>\n\t\t\t\t<\/div>\n\t\t\t\t<\/article>\n\t\t\t\t<article class=\"elementor-post elementor-grid-item post-1933 page type-page status-publish has-post-thumbnail hentry\">\n\t\t\t\t<a class=\"elementor-post__thumbnail__link\" href=\"https:\/\/revivacare.com\/de\/istanbul-altstadt-zu-fuss-tour\/\" tabindex=\"-1\" >\n\t\t\t<div class=\"elementor-post__thumbnail\"><img loading=\"lazy\" decoding=\"async\" width=\"1500\" height=\"1000\" src=\"https:\/\/revivacare.com\/wp-content\/uploads\/2024\/07\/hagia-sophia-aerial.webp\" class=\"attachment-full size-full wp-image-1828\" alt=\"\" srcset=\"https:\/\/revivacare.com\/wp-content\/uploads\/2024\/07\/hagia-sophia-aerial.webp 1500w, https:\/\/revivacare.com\/wp-content\/uploads\/2024\/07\/hagia-sophia-aerial-300x200.webp 300w, https:\/\/revivacare.com\/wp-content\/uploads\/2024\/07\/hagia-sophia-aerial-1024x683.webp 1024w, https:\/\/revivacare.com\/wp-content\/uploads\/2024\/07\/hagia-sophia-aerial-768x512.webp 768w, https:\/\/revivacare.com\/wp-content\/uploads\/2024\/07\/hagia-sophia-aerial-1200x800.webp 1200w\" sizes=\"(max-width: 1500px) 100vw, 1500px\" \/><\/div>\n\t\t<\/a>\n\t\t\t\t<div class=\"elementor-post__text\">\n\t\t\t\t<h3 class=\"elementor-post__title\">\n\t\t\t<a href=\"https:\/\/revivacare.com\/de\/istanbul-altstadt-zu-fuss-tour\/\" >\n\t\t\t\tIstanbul Altstadt zu Fu\u00df Tour\t\t\t<\/a>\n\t\t<\/h3>\n\t\t\t\t\t<div class=\"elementor-post__read-more-wrapper\">\n\t\t\n\t\t<a class=\"elementor-post__read-more\" href=\"https:\/\/revivacare.com\/de\/istanbul-altstadt-zu-fuss-tour\/\" aria-label=\"Read more about Istanbul Altstadt zu Fu\u00df Tour\" tabindex=\"-1\" >\n\t\t\tEntdecken\t\t<\/a>\n\n\t\t\t\t\t<\/div>\n\t\t\t\t<\/div>\n\t\t\t\t<\/article>\n\t\t\t\t<article class=\"elementor-post elementor-grid-item post-1965 page type-page status-publish has-post-thumbnail hentry\">\n\t\t\t\t<a class=\"elementor-post__thumbnail__link\" href=\"https:\/\/revivacare.com\/de\/shopping-tour\/\" tabindex=\"-1\" >\n\t\t\t<div class=\"elementor-post__thumbnail\"><img loading=\"lazy\" decoding=\"async\" width=\"1500\" height=\"1000\" src=\"https:\/\/revivacare.com\/wp-content\/uploads\/2024\/07\/kapalicarsi-grand.webp\" class=\"attachment-full size-full wp-image-1644\" alt=\"\" srcset=\"https:\/\/revivacare.com\/wp-content\/uploads\/2024\/07\/kapalicarsi-grand.webp 1500w, https:\/\/revivacare.com\/wp-content\/uploads\/2024\/07\/kapalicarsi-grand-300x200.webp 300w, https:\/\/revivacare.com\/wp-content\/uploads\/2024\/07\/kapalicarsi-grand-1024x683.webp 1024w, https:\/\/revivacare.com\/wp-content\/uploads\/2024\/07\/kapalicarsi-grand-768x512.webp 768w, https:\/\/revivacare.com\/wp-content\/uploads\/2024\/07\/kapalicarsi-grand-1200x800.webp 1200w\" sizes=\"(max-width: 1500px) 100vw, 1500px\" \/><\/div>\n\t\t<\/a>\n\t\t\t\t<div class=\"elementor-post__text\">\n\t\t\t\t<h3 class=\"elementor-post__title\">\n\t\t\t<a href=\"https:\/\/revivacare.com\/de\/shopping-tour\/\" >\n\t\t\t\tShopping Tour\t\t\t<\/a>\n\t\t<\/h3>\n\t\t\t\t\t<div class=\"elementor-post__read-more-wrapper\">\n\t\t\n\t\t<a class=\"elementor-post__read-more\" href=\"https:\/\/revivacare.com\/de\/shopping-tour\/\" aria-label=\"Read more about Shopping Tour\" tabindex=\"-1\" >\n\t\t\tEntdecken\t\t<\/a>\n\n\t\t\t\t\t<\/div>\n\t\t\t\t<\/div>\n\t\t\t\t<\/article>\n\t\t\t\t<\/div>\n\t\t\n\t\t\t\t<\/div>\n\t\t\t\t<\/div>\n\t\t\t\t<\/div>\n\t\t\t\t<\/div>\n\t\t\t\t<\/div>\n\t\t\t\t<\/div>\n\t\t","protected":false},"excerpt":{"rendered":"<p>Shopping Tour \u00dcber die Tour Istanbul bietet unglaubliche Einkaufsm\u00f6glichkeiten und ist seit Jahrhunderten eines der wichtigsten Attraktionszentren der Welt, das jedes Jahr genauso viele Besucher<\/p>\n","protected":false},"author":2,"featured_media":1644,"parent":0,"menu_order":0,"comment_status":"closed","ping_status":"closed","template":"","meta":{"footnotes":""},"class_list":["post-1965","page","type-page","status-publish","has-post-thumbnail","hentry"],"_links":{"self":[{"href":"https:\/\/revivacare.com\/de\/wp-json\/wp\/v2\/pages\/1965"}],"collection":[{"href":"https:\/\/revivacare.com\/de\/wp-json\/wp\/v2\/pages"}],"about":[{"href":"https:\/\/revivacare.com\/de\/wp-json\/wp\/v2\/types\/page"}],"author":[{"embeddable":true,"href":"https:\/\/revivacare.com\/de\/wp-json\/wp\/v2\/users\/2"}],"replies":[{"embeddable":true,"href":"https:\/\/revivacare.com\/de\/wp-json\/wp\/v2\/comments?post=1965"}],"version-history":[{"count":0,"href":"https:\/\/revivacare.com\/de\/wp-json\/wp\/v2\/pages\/1965\/revisions"}],"wp:featuredmedia":[{"embeddable":true,"href":"https:\/\/revivacare.com\/de\/wp-json\/wp\/v2\/media\/1644"}],"wp:attachment":[{"href":"https:\/\/revivacare.com\/de\/wp-json\/wp\/v2\/media?parent=1965"}],"curies":[{"name":"wp","href":"https:\/\/api.w.org\/{rel}","templated":true}]}}