{"id":1970,"date":"2024-07-16T20:10:24","date_gmt":"2024-07-16T17:10:24","guid":{"rendered":"https:\/\/revivacare.com\/?page_id=1970"},"modified":"2024-08-18T17:27:34","modified_gmt":"2024-08-18T14:27:34","slug":"prinz-inseln-tour","status":"publish","type":"page","link":"https:\/\/revivacare.com\/de\/prinz-inseln-tour\/","title":{"rendered":"Prinz-Inseln Tour"},"content":{"rendered":"\t\t<div data-elementor-type=\"wp-page\" data-elementor-id=\"1970\" class=\"elementor elementor-1970 elementor-1352\" data-elementor-post-type=\"page\">\n\t\t\t\t<div class=\"elementor-element elementor-element-781cb45e e-con-full e-flex e-con e-parent\" data-id=\"781cb45e\" data-element_type=\"container\">\n\t\t<div class=\"elementor-element elementor-element-54d4711f e-con-full e-flex e-con e-child\" data-id=\"54d4711f\" data-element_type=\"container\">\n\t\t<div class=\"elementor-element elementor-element-f8345a7 e-con-full e-flex e-con e-child\" data-id=\"f8345a7\" data-element_type=\"container\">\n\t\t\t\t<div class=\"elementor-element elementor-element-3a2bb0f2 elementor-widget elementor-widget-heading\" data-id=\"3a2bb0f2\" data-element_type=\"widget\" data-widget_type=\"heading.default\">\n\t\t\t\t<div class=\"elementor-widget-container\">\n\t\t\t<h1 class=\"elementor-heading-title elementor-size-default\">Prinz-Inseln Tour<\/h1>\t\t<\/div>\n\t\t\t\t<\/div>\n\t\t\t\t<\/div>\n\t\t<div class=\"elementor-element elementor-element-7622e8cc e-con-full e-flex e-con e-child\" data-id=\"7622e8cc\" data-element_type=\"container\">\n\t\t\t\t<div class=\"elementor-element elementor-element-1c74d0cb elementor-widget elementor-widget-image\" data-id=\"1c74d0cb\" data-element_type=\"widget\" data-widget_type=\"image.default\">\n\t\t\t\t<div class=\"elementor-widget-container\">\n\t\t\t\t\t\t\t\t\t\t\t\t\t<img fetchpriority=\"high\" decoding=\"async\" width=\"1500\" height=\"1000\" src=\"https:\/\/revivacare.com\/wp-content\/uploads\/2024\/07\/prince-islands-tour.webp\" class=\"attachment-full size-full wp-image-463\" alt=\"\" srcset=\"https:\/\/revivacare.com\/wp-content\/uploads\/2024\/07\/prince-islands-tour.webp 1500w, https:\/\/revivacare.com\/wp-content\/uploads\/2024\/07\/prince-islands-tour-300x200.webp 300w, https:\/\/revivacare.com\/wp-content\/uploads\/2024\/07\/prince-islands-tour-1024x683.webp 1024w, https:\/\/revivacare.com\/wp-content\/uploads\/2024\/07\/prince-islands-tour-768x512.webp 768w, https:\/\/revivacare.com\/wp-content\/uploads\/2024\/07\/prince-islands-tour-1200x800.webp 1200w\" sizes=\"(max-width: 1500px) 100vw, 1500px\" \/>\t\t\t\t\t\t\t\t\t\t\t\t\t<\/div>\n\t\t\t\t<\/div>\n\t\t\t\t<\/div>\n\t\t<div class=\"elementor-element elementor-element-26196da9 e-con-full e-flex e-con e-child\" data-id=\"26196da9\" data-element_type=\"container\">\n\t\t\t\t<div class=\"elementor-element elementor-element-126bee2e elementor-widget elementor-widget-heading\" data-id=\"126bee2e\" data-element_type=\"widget\" data-widget_type=\"heading.default\">\n\t\t\t\t<div class=\"elementor-widget-container\">\n\t\t\t<h2 class=\"elementor-heading-title elementor-size-default\">\u00dcber die Tour<\/h2>\t\t<\/div>\n\t\t\t\t<\/div>\n\t\t\t\t<div class=\"elementor-element elementor-element-3562f9b6 elementor-widget elementor-widget-text-editor\" data-id=\"3562f9b6\" data-element_type=\"widget\" data-widget_type=\"text-editor.default\">\n\t\t\t\t<div class=\"elementor-widget-container\">\n\t\t\t\t\t\t\t<div class=\"elementor-element elementor-element-24b4d83 animated-slow elementor-widget elementor-widget-text-editor animated fadeIn\" data-id=\"24b4d83\" data-element_type=\"widget\" data-settings=\"{&quot;_animation&quot;:&quot;fadeIn&quot;}\" data-widget_type=\"text-editor.default\"><div class=\"elementor-widget-container\"><div class=\"elementor-text-editor elementor-clearfix\"><p>Die Prinzeninseln sind eine Gruppe von 9 Inseln s\u00fcd\u00f6stlich von Istanbul im Marmarameer. Die Prinzeninseln-Tour ist eine wunderbare Option f\u00fcr Reisende und f\u00fcr diejenigen, die dem st\u00e4dtischen Trubel Istanbuls durch eine entspannende F\u00e4hrfahrt entkommen m\u00f6chten. Reiseziele auf den Prinzeninseln:<\/p><\/div><\/div><\/div>\t\t\t\t\t\t<\/div>\n\t\t\t\t<\/div>\n\t\t\t\t<div class=\"elementor-element elementor-element-45dbd59b elementor-widget elementor-widget-heading\" data-id=\"45dbd59b\" data-element_type=\"widget\" data-widget_type=\"heading.default\">\n\t\t\t\t<div class=\"elementor-widget-container\">\n\t\t\t<h2 class=\"elementor-heading-title elementor-size-default\">Reiseprogramm<\/h2>\t\t<\/div>\n\t\t\t\t<\/div>\n\t\t\t\t<div class=\"elementor-element elementor-element-389ba5cc elementor-widget elementor-widget-text-editor\" data-id=\"389ba5cc\" data-element_type=\"widget\" data-widget_type=\"text-editor.default\">\n\t\t\t\t<div class=\"elementor-widget-container\">\n\t\t\t\t\t\t\t<p><strong>Aya Yorgi Kirche \u2013 B\u00fcy\u00fckada<\/strong><\/p><p>Um diese Kirche, die 1751 auf B\u00fcy\u00fckada erbaut wurde, zu erreichen, muss man einen steilen H\u00fcgel erklimmen. Die Kirche, eine der beiden Wallfahrtsst\u00e4tten f\u00fcr orthodoxe Christen, liegt auf einer H\u00f6he von 204 Metern \u00fcber dem Meeresspiegel.<\/p><p><strong>H\u0131z\u0131r \u0130lyas H\u00fcgel \u2013 B\u00fcy\u00fckada<\/strong><\/p><p>Wenn Sie keine Angst vor einem steilen Aufstieg haben, k\u00f6nnen Sie vom H\u0131z\u0131r \u0130lyas H\u00fcgel aus einen weiteren gro\u00dfartigen Blick auf B\u00fcy\u00fckada genie\u00dfen. Dieser Ort ist weniger \u00fcberlaufen und ruhiger als die Aya Yorgi Kirche.<\/p><p>Sie k\u00f6nnen den Adakule, einen Feuerturm auf dem H\u0131z\u0131r \u0130lyas H\u00fcgel, besuchen. Vom Turm aus haben Sie einen Panoramablick auf B\u00fcy\u00fckada und einen Gro\u00dfteil des Marmarameers. Der Turm ist auch f\u00fcr Vogelbeobachtungen sowie f\u00fcr die Ausrichtung von Treffen und Veranstaltungen geeignet.<\/p><p><strong>Griechisches Waisenhaus \u2013 B\u00fcy\u00fckada<\/strong><\/p><p>Auf dem Klosterh\u00fcgel gelegen und 1899 als Hotel erbaut, wurde dieses Geb\u00e4ude f\u00fcr verschiedene Zwecke genutzt, einschlie\u00dflich als Waisenhaus. Das bemerkenswerteste Merkmal des Geb\u00e4udes ist, dass es das gr\u00f6\u00dfte Holzgeb\u00e4ude Europas und das zweitgr\u00f6\u00dfte der Welt ist.<\/p><p><strong>Griechisch-orthodoxe Seminar \u2013 Heybeliada<\/strong><\/p><p>1844 auf Heybeliada gegr\u00fcndet, befindet sich die Schule auf dem \u00dcmit-H\u00fcgel im Nordwesten der Insel. Die Schule, eine der ersten in diesem Bereich, wurde 1971 geschlossen und wird seitdem immer wieder in Debatten dar\u00fcber erw\u00e4hnt, ob sie wiederer\u00f6ffnet wird.<\/p><p><strong>Heybeliada Windm\u00fchlenh\u00fcgel (De\u011firmen) \u2013 Heybeliada<\/strong><\/p><p>Benannt nach einer alten Windm\u00fchle, die sich hier befand, ist der H\u00fcgel auch als De\u011firmen Burnu oder A\u015f\u0131klar H\u00fcgel bekannt. Der De\u011firmen-H\u00fcgel, einer der vier H\u00fcgel auf der Insel, bietet eine atemberaubende Aussicht.<\/p><p><strong>Aya Yani Kirche \u2013 Burgazada<\/strong><\/p><p>Die erste Kirche an dieser Stelle wurde von Kaiserin Theodora, der Frau von Kaiser Theophilus (829-842), \u00fcber der Zelle errichtet, in der der ber\u00fchmte Geistliche Methodius w\u00e4hrend seines Exils auf Burgazada eingesperrt war. Die heutige Kirche, erbaut 1899, zeichnet sich durch bemerkenswerte Holzarbeiten aus.<\/p><p><strong>Sait Faik Abas\u0131yan\u0131k Museum \u2013 Burgazada<\/strong><\/p><p>Auf Burgazada k\u00f6nnen Sie das Haus von Sait Faik, das nach seinem Tod in ein Museum umgewandelt wurde, kostenlos besuchen. Das 1959 gegr\u00fcndete Museum spielte eine Vorreiterrolle auf diesem Gebiet.<\/p><p><strong>Flaggenh\u00fcgel \u2013 Burgazada<\/strong><\/p><p>Indem Sie den einzigen H\u00fcgel der Insel erklimmen, der auf das Marmarameer blickt, k\u00f6nnen Sie eine ruhige und friedliche Pause einlegen.<\/p>\t\t\t\t\t\t<\/div>\n\t\t\t\t<\/div>\n\t\t\t\t<div class=\"elementor-element elementor-element-376b1072 elementor-widget elementor-widget-heading\" data-id=\"376b1072\" data-element_type=\"widget\" data-widget_type=\"heading.default\">\n\t\t\t\t<div class=\"elementor-widget-container\">\n\t\t\t<h2 class=\"elementor-heading-title elementor-size-default\">Dauer<\/h2>\t\t<\/div>\n\t\t\t\t<\/div>\n\t\t\t\t<div class=\"elementor-element elementor-element-6172cff elementor-widget elementor-widget-text-editor\" data-id=\"6172cff\" data-element_type=\"widget\" data-widget_type=\"text-editor.default\">\n\t\t\t\t<div class=\"elementor-widget-container\">\n\t\t\t\t\t\t\t<p>9 Stunden<\/p>\t\t\t\t\t\t<\/div>\n\t\t\t\t<\/div>\n\t\t\t\t<\/div>\n\t\t\t\t<\/div>\n\t\t<div class=\"elementor-element elementor-element-4d294e1a e-con-full e-flex e-con e-child\" data-id=\"4d294e1a\" data-element_type=\"container\">\n\t\t<div class=\"elementor-element elementor-element-7ba7e9e5 e-con-full e-flex e-con e-child\" data-id=\"7ba7e9e5\" data-element_type=\"container\" data-settings=\"{&quot;background_background&quot;:&quot;classic&quot;}\">\n\t\t\t\t<div class=\"elementor-element elementor-element-56c42c70 elementor-widget elementor-widget-heading\" data-id=\"56c42c70\" data-element_type=\"widget\" data-widget_type=\"heading.default\">\n\t\t\t\t<div class=\"elementor-widget-container\">\n\t\t\t<h2 class=\"elementor-heading-title elementor-size-default\">Istanbuler Kulturtouren\n<\/h2>\t\t<\/div>\n\t\t\t\t<\/div>\n\t\t\t\t<div class=\"elementor-element elementor-element-687edfab elementor-widget__width-inherit elementor-widget elementor-widget-heading\" data-id=\"687edfab\" data-element_type=\"widget\" data-widget_type=\"heading.default\">\n\t\t\t\t<div class=\"elementor-widget-container\">\n\t\t\t<h2 class=\"elementor-heading-title elementor-size-default\">Genie\u00dfen Sie Ihre Reise<\/h2>\t\t<\/div>\n\t\t\t\t<\/div>\n\t\t\t\t<div class=\"elementor-element elementor-element-501d5724 elementor-grid-1 elementor-grid-tablet-3 elementor-widget-mobile__width-inherit elementor-grid-mobile-1 elementor-posts--thumbnail-top elementor-widget elementor-widget-posts\" data-id=\"501d5724\" data-element_type=\"widget\" data-settings=\"{&quot;classic_columns&quot;:&quot;1&quot;,&quot;classic_columns_tablet&quot;:&quot;3&quot;,&quot;classic_row_gap&quot;:{&quot;unit&quot;:&quot;px&quot;,&quot;size&quot;:14,&quot;sizes&quot;:[]},&quot;classic_columns_mobile&quot;:&quot;1&quot;,&quot;classic_row_gap_tablet&quot;:{&quot;unit&quot;:&quot;px&quot;,&quot;size&quot;:&quot;&quot;,&quot;sizes&quot;:[]},&quot;classic_row_gap_mobile&quot;:{&quot;unit&quot;:&quot;px&quot;,&quot;size&quot;:&quot;&quot;,&quot;sizes&quot;:[]}}\" data-widget_type=\"posts.classic\">\n\t\t\t\t<div class=\"elementor-widget-container\">\n\t\t\t\t\t<div class=\"elementor-posts-container elementor-posts elementor-posts--skin-classic elementor-grid\">\n\t\t\t\t<article class=\"elementor-post elementor-grid-item post-1862 page type-page status-publish has-post-thumbnail hentry\">\n\t\t\t\t<a class=\"elementor-post__thumbnail__link\" href=\"https:\/\/revivacare.com\/de\/istanbuls-musikroute\/\" tabindex=\"-1\" >\n\t\t\t<div class=\"elementor-post__thumbnail\"><img decoding=\"async\" width=\"1500\" height=\"1000\" src=\"https:\/\/revivacare.com\/wp-content\/uploads\/2024\/07\/istanbuls-music-route.webp\" class=\"attachment-full size-full wp-image-1844\" alt=\"\" srcset=\"https:\/\/revivacare.com\/wp-content\/uploads\/2024\/07\/istanbuls-music-route.webp 1500w, https:\/\/revivacare.com\/wp-content\/uploads\/2024\/07\/istanbuls-music-route-300x200.webp 300w, https:\/\/revivacare.com\/wp-content\/uploads\/2024\/07\/istanbuls-music-route-1024x683.webp 1024w, https:\/\/revivacare.com\/wp-content\/uploads\/2024\/07\/istanbuls-music-route-768x512.webp 768w, https:\/\/revivacare.com\/wp-content\/uploads\/2024\/07\/istanbuls-music-route-1200x800.webp 1200w\" sizes=\"(max-width: 1500px) 100vw, 1500px\" \/><\/div>\n\t\t<\/a>\n\t\t\t\t<div class=\"elementor-post__text\">\n\t\t\t\t<h3 class=\"elementor-post__title\">\n\t\t\t<a href=\"https:\/\/revivacare.com\/de\/istanbuls-musikroute\/\" >\n\t\t\t\t\u0130stanbuls Musikroute\t\t\t<\/a>\n\t\t<\/h3>\n\t\t\t\t\t<div class=\"elementor-post__read-more-wrapper\">\n\t\t\n\t\t<a class=\"elementor-post__read-more\" href=\"https:\/\/revivacare.com\/de\/istanbuls-musikroute\/\" aria-label=\"Read more about \u0130stanbuls Musikroute\" tabindex=\"-1\" >\n\t\t\tEntdecken\t\t<\/a>\n\n\t\t\t\t\t<\/div>\n\t\t\t\t<\/div>\n\t\t\t\t<\/article>\n\t\t\t\t<article class=\"elementor-post elementor-grid-item post-1865 page type-page status-publish has-post-thumbnail hentry\">\n\t\t\t\t<a class=\"elementor-post__thumbnail__link\" href=\"https:\/\/revivacare.com\/de\/religioese-mystische-tour\/\" tabindex=\"-1\" >\n\t\t\t<div class=\"elementor-post__thumbnail\"><img decoding=\"async\" width=\"1500\" height=\"1000\" src=\"https:\/\/revivacare.com\/wp-content\/uploads\/2024\/07\/inside-hagia.webp\" class=\"attachment-full size-full wp-image-1840\" alt=\"\" srcset=\"https:\/\/revivacare.com\/wp-content\/uploads\/2024\/07\/inside-hagia.webp 1500w, https:\/\/revivacare.com\/wp-content\/uploads\/2024\/07\/inside-hagia-300x200.webp 300w, https:\/\/revivacare.com\/wp-content\/uploads\/2024\/07\/inside-hagia-1024x683.webp 1024w, https:\/\/revivacare.com\/wp-content\/uploads\/2024\/07\/inside-hagia-768x512.webp 768w, https:\/\/revivacare.com\/wp-content\/uploads\/2024\/07\/inside-hagia-1200x800.webp 1200w\" sizes=\"(max-width: 1500px) 100vw, 1500px\" \/><\/div>\n\t\t<\/a>\n\t\t\t\t<div class=\"elementor-post__text\">\n\t\t\t\t<h3 class=\"elementor-post__title\">\n\t\t\t<a href=\"https:\/\/revivacare.com\/de\/religioese-mystische-tour\/\" >\n\t\t\t\tReligi\u00f6se Mystische Tour\t\t\t<\/a>\n\t\t<\/h3>\n\t\t\t\t\t<div class=\"elementor-post__read-more-wrapper\">\n\t\t\n\t\t<a class=\"elementor-post__read-more\" href=\"https:\/\/revivacare.com\/de\/religioese-mystische-tour\/\" aria-label=\"Read more about Religi\u00f6se Mystische Tour\" tabindex=\"-1\" >\n\t\t\tEntdecken\t\t<\/a>\n\n\t\t\t\t\t<\/div>\n\t\t\t\t<\/div>\n\t\t\t\t<\/article>\n\t\t\t\t<article class=\"elementor-post elementor-grid-item post-1885 page type-page status-publish has-post-thumbnail hentry\">\n\t\t\t\t<a class=\"elementor-post__thumbnail__link\" href=\"https:\/\/revivacare.com\/de\/gastro-tour\/\" tabindex=\"-1\" >\n\t\t\t<div class=\"elementor-post__thumbnail\"><img loading=\"lazy\" decoding=\"async\" width=\"1500\" height=\"1000\" src=\"https:\/\/revivacare.com\/wp-content\/uploads\/2024\/07\/gastro-tour.webp\" class=\"attachment-full size-full wp-image-1836\" alt=\"\" srcset=\"https:\/\/revivacare.com\/wp-content\/uploads\/2024\/07\/gastro-tour.webp 1500w, https:\/\/revivacare.com\/wp-content\/uploads\/2024\/07\/gastro-tour-300x200.webp 300w, https:\/\/revivacare.com\/wp-content\/uploads\/2024\/07\/gastro-tour-1024x683.webp 1024w, https:\/\/revivacare.com\/wp-content\/uploads\/2024\/07\/gastro-tour-768x512.webp 768w, https:\/\/revivacare.com\/wp-content\/uploads\/2024\/07\/gastro-tour-1200x800.webp 1200w\" sizes=\"(max-width: 1500px) 100vw, 1500px\" \/><\/div>\n\t\t<\/a>\n\t\t\t\t<div class=\"elementor-post__text\">\n\t\t\t\t<h3 class=\"elementor-post__title\">\n\t\t\t<a href=\"https:\/\/revivacare.com\/de\/gastro-tour\/\" >\n\t\t\t\tGastro Tour\t\t\t<\/a>\n\t\t<\/h3>\n\t\t\t\t\t<div class=\"elementor-post__read-more-wrapper\">\n\t\t\n\t\t<a class=\"elementor-post__read-more\" href=\"https:\/\/revivacare.com\/de\/gastro-tour\/\" aria-label=\"Read more about Gastro Tour\" tabindex=\"-1\" >\n\t\t\tEntdecken\t\t<\/a>\n\n\t\t\t\t\t<\/div>\n\t\t\t\t<\/div>\n\t\t\t\t<\/article>\n\t\t\t\t<article class=\"elementor-post elementor-grid-item post-1893 page type-page status-publish has-post-thumbnail hentry\">\n\t\t\t\t<a class=\"elementor-post__thumbnail__link\" href=\"https:\/\/revivacare.com\/de\/fener-balat-ayvansaray-zu-fuss-tour\/\" tabindex=\"-1\" >\n\t\t\t<div class=\"elementor-post__thumbnail\"><img loading=\"lazy\" decoding=\"async\" width=\"1500\" height=\"1000\" src=\"https:\/\/revivacare.com\/wp-content\/uploads\/2024\/07\/fener-balat.webp\" class=\"attachment-full size-full wp-image-1832\" alt=\"\" srcset=\"https:\/\/revivacare.com\/wp-content\/uploads\/2024\/07\/fener-balat.webp 1500w, https:\/\/revivacare.com\/wp-content\/uploads\/2024\/07\/fener-balat-300x200.webp 300w, https:\/\/revivacare.com\/wp-content\/uploads\/2024\/07\/fener-balat-1024x683.webp 1024w, https:\/\/revivacare.com\/wp-content\/uploads\/2024\/07\/fener-balat-768x512.webp 768w, https:\/\/revivacare.com\/wp-content\/uploads\/2024\/07\/fener-balat-1200x800.webp 1200w\" sizes=\"(max-width: 1500px) 100vw, 1500px\" \/><\/div>\n\t\t<\/a>\n\t\t\t\t<div class=\"elementor-post__text\">\n\t\t\t\t<h3 class=\"elementor-post__title\">\n\t\t\t<a href=\"https:\/\/revivacare.com\/de\/fener-balat-ayvansaray-zu-fuss-tour\/\" >\n\t\t\t\tFener-Balat-Ayvansaray zu Fu\u00df Tour\t\t\t<\/a>\n\t\t<\/h3>\n\t\t\t\t\t<div class=\"elementor-post__read-more-wrapper\">\n\t\t\n\t\t<a class=\"elementor-post__read-more\" href=\"https:\/\/revivacare.com\/de\/fener-balat-ayvansaray-zu-fuss-tour\/\" aria-label=\"Read more about Fener-Balat-Ayvansaray zu Fu\u00df Tour\" tabindex=\"-1\" >\n\t\t\tEntdecken\t\t<\/a>\n\n\t\t\t\t\t<\/div>\n\t\t\t\t<\/div>\n\t\t\t\t<\/article>\n\t\t\t\t<article class=\"elementor-post elementor-grid-item post-1933 page type-page status-publish has-post-thumbnail hentry\">\n\t\t\t\t<a class=\"elementor-post__thumbnail__link\" href=\"https:\/\/revivacare.com\/de\/istanbul-altstadt-zu-fuss-tour\/\" tabindex=\"-1\" >\n\t\t\t<div class=\"elementor-post__thumbnail\"><img loading=\"lazy\" decoding=\"async\" width=\"1500\" height=\"1000\" src=\"https:\/\/revivacare.com\/wp-content\/uploads\/2024\/07\/hagia-sophia-aerial.webp\" class=\"attachment-full size-full wp-image-1828\" alt=\"\" srcset=\"https:\/\/revivacare.com\/wp-content\/uploads\/2024\/07\/hagia-sophia-aerial.webp 1500w, https:\/\/revivacare.com\/wp-content\/uploads\/2024\/07\/hagia-sophia-aerial-300x200.webp 300w, https:\/\/revivacare.com\/wp-content\/uploads\/2024\/07\/hagia-sophia-aerial-1024x683.webp 1024w, https:\/\/revivacare.com\/wp-content\/uploads\/2024\/07\/hagia-sophia-aerial-768x512.webp 768w, https:\/\/revivacare.com\/wp-content\/uploads\/2024\/07\/hagia-sophia-aerial-1200x800.webp 1200w\" sizes=\"(max-width: 1500px) 100vw, 1500px\" \/><\/div>\n\t\t<\/a>\n\t\t\t\t<div class=\"elementor-post__text\">\n\t\t\t\t<h3 class=\"elementor-post__title\">\n\t\t\t<a href=\"https:\/\/revivacare.com\/de\/istanbul-altstadt-zu-fuss-tour\/\" >\n\t\t\t\tIstanbul Altstadt zu Fu\u00df Tour\t\t\t<\/a>\n\t\t<\/h3>\n\t\t\t\t\t<div class=\"elementor-post__read-more-wrapper\">\n\t\t\n\t\t<a class=\"elementor-post__read-more\" href=\"https:\/\/revivacare.com\/de\/istanbul-altstadt-zu-fuss-tour\/\" aria-label=\"Read more about Istanbul Altstadt zu Fu\u00df Tour\" tabindex=\"-1\" >\n\t\t\tEntdecken\t\t<\/a>\n\n\t\t\t\t\t<\/div>\n\t\t\t\t<\/div>\n\t\t\t\t<\/article>\n\t\t\t\t<article class=\"elementor-post elementor-grid-item post-1965 page type-page status-publish has-post-thumbnail hentry\">\n\t\t\t\t<a class=\"elementor-post__thumbnail__link\" href=\"https:\/\/revivacare.com\/de\/shopping-tour\/\" tabindex=\"-1\" >\n\t\t\t<div class=\"elementor-post__thumbnail\"><img loading=\"lazy\" decoding=\"async\" width=\"1500\" height=\"1000\" src=\"https:\/\/revivacare.com\/wp-content\/uploads\/2024\/07\/kapalicarsi-grand.webp\" class=\"attachment-full size-full wp-image-1644\" alt=\"\" srcset=\"https:\/\/revivacare.com\/wp-content\/uploads\/2024\/07\/kapalicarsi-grand.webp 1500w, https:\/\/revivacare.com\/wp-content\/uploads\/2024\/07\/kapalicarsi-grand-300x200.webp 300w, https:\/\/revivacare.com\/wp-content\/uploads\/2024\/07\/kapalicarsi-grand-1024x683.webp 1024w, https:\/\/revivacare.com\/wp-content\/uploads\/2024\/07\/kapalicarsi-grand-768x512.webp 768w, https:\/\/revivacare.com\/wp-content\/uploads\/2024\/07\/kapalicarsi-grand-1200x800.webp 1200w\" sizes=\"(max-width: 1500px) 100vw, 1500px\" \/><\/div>\n\t\t<\/a>\n\t\t\t\t<div class=\"elementor-post__text\">\n\t\t\t\t<h3 class=\"elementor-post__title\">\n\t\t\t<a href=\"https:\/\/revivacare.com\/de\/shopping-tour\/\" >\n\t\t\t\tShopping Tour\t\t\t<\/a>\n\t\t<\/h3>\n\t\t\t\t\t<div class=\"elementor-post__read-more-wrapper\">\n\t\t\n\t\t<a class=\"elementor-post__read-more\" href=\"https:\/\/revivacare.com\/de\/shopping-tour\/\" aria-label=\"Read more about Shopping Tour\" tabindex=\"-1\" >\n\t\t\tEntdecken\t\t<\/a>\n\n\t\t\t\t\t<\/div>\n\t\t\t\t<\/div>\n\t\t\t\t<\/article>\n\t\t\t\t<\/div>\n\t\t\n\t\t\t\t<\/div>\n\t\t\t\t<\/div>\n\t\t\t\t<\/div>\n\t\t\t\t<\/div>\n\t\t\t\t<\/div>\n\t\t\t\t<\/div>\n\t\t","protected":false},"excerpt":{"rendered":"<p>Prinz-Inseln Tour \u00dcber die Tour Die Prinzeninseln sind eine Gruppe von 9 Inseln s\u00fcd\u00f6stlich von Istanbul im Marmarameer. Die Prinzeninseln-Tour ist eine wunderbare Option f\u00fcr<\/p>\n","protected":false},"author":2,"featured_media":1640,"parent":0,"menu_order":0,"comment_status":"closed","ping_status":"closed","template":"","meta":{"footnotes":""},"class_list":["post-1970","page","type-page","status-publish","has-post-thumbnail","hentry"],"_links":{"self":[{"href":"https:\/\/revivacare.com\/de\/wp-json\/wp\/v2\/pages\/1970"}],"collection":[{"href":"https:\/\/revivacare.com\/de\/wp-json\/wp\/v2\/pages"}],"about":[{"href":"https:\/\/revivacare.com\/de\/wp-json\/wp\/v2\/types\/page"}],"author":[{"embeddable":true,"href":"https:\/\/revivacare.com\/de\/wp-json\/wp\/v2\/users\/2"}],"replies":[{"embeddable":true,"href":"https:\/\/revivacare.com\/de\/wp-json\/wp\/v2\/comments?post=1970"}],"version-history":[{"count":0,"href":"https:\/\/revivacare.com\/de\/wp-json\/wp\/v2\/pages\/1970\/revisions"}],"wp:featuredmedia":[{"embeddable":true,"href":"https:\/\/revivacare.com\/de\/wp-json\/wp\/v2\/media\/1640"}],"wp:attachment":[{"href":"https:\/\/revivacare.com\/de\/wp-json\/wp\/v2\/media?parent=1970"}],"curies":[{"name":"wp","href":"https:\/\/api.w.org\/{rel}","templated":true}]}}