{"id":2000,"date":"2024-07-06T19:15:09","date_gmt":"2024-07-06T16:15:09","guid":{"rendered":"https:\/\/revivacare.com\/about\/"},"modified":"2024-08-18T19:39:33","modified_gmt":"2024-08-18T16:39:33","slug":"uber-uns","status":"publish","type":"page","link":"https:\/\/revivacare.com\/de\/uber-uns\/","title":{"rendered":"\u00dcber Uns"},"content":{"rendered":"\t\t<div data-elementor-type=\"wp-page\" data-elementor-id=\"2000\" class=\"elementor elementor-2000 elementor-19\" data-elementor-post-type=\"page\">\n\t\t\t\t<div class=\"elementor-element elementor-element-e5f12f6 e-con-full e-flex e-con e-parent\" data-id=\"e5f12f6\" data-element_type=\"container\" data-settings=\"{&quot;background_background&quot;:&quot;classic&quot;}\">\n\t\t<div class=\"elementor-element elementor-element-afe4b20 e-con-full e-flex e-con e-child\" data-id=\"afe4b20\" data-element_type=\"container\">\n\t\t<div class=\"elementor-element elementor-element-3d6d479 e-con-full e-flex e-con e-child\" data-id=\"3d6d479\" data-element_type=\"container\">\n\t\t\t\t<div class=\"elementor-element elementor-element-9fc07fc elementor-widget__width-inherit elementor-widget elementor-widget-heading\" data-id=\"9fc07fc\" data-element_type=\"widget\" data-widget_type=\"heading.default\">\n\t\t\t\t<div class=\"elementor-widget-container\">\n\t\t\t<h2 class=\"elementor-heading-title elementor-size-default\">\u00dcber Revivacare<\/h2>\t\t<\/div>\n\t\t\t\t<\/div>\n\t\t\t\t<div class=\"elementor-element elementor-element-6c56035 elementor-widget elementor-widget-text-editor\" data-id=\"6c56035\" data-element_type=\"widget\" data-widget_type=\"text-editor.default\">\n\t\t\t\t<div class=\"elementor-widget-container\">\n\t\t\t\t\t\t\t<p><strong>REVIVACARE\u00ae<\/strong> hebt sich als einzigartiges Unternehmen hervor.<\/p><p><strong>REVIVACARE\u00ae<\/strong> ist ein innovatives Unternehmen im Bereich Medizintourismus, das gegr\u00fcndet wurde, um Menschen dabei zu unterst\u00fctzen, hochwertige medizinische Versorgung in der T\u00fcrkei und in Istanbul zu erhalten.<\/p><p>Als eingetragenes und versichertes Unternehmen in der T\u00fcrkei sind wir gesetzlich verantwortlich und ausgestattet, um Ihnen exklusive Schutzma\u00dfnahmen und spezialisierte Pflegeleistungen anzubieten, die m\u00f6glicherweise nicht durch andere Unternehmen verf\u00fcgbar sind.<\/p>\t\t\t\t\t\t<\/div>\n\t\t\t\t<\/div>\n\t\t\t\t<\/div>\n\t\t\t\t<\/div>\n\t\t\t\t<\/div>\n\t\t\t\t<\/div>\n\t\t","protected":false},"excerpt":{"rendered":"<p>\u00dcber Revivacare REVIVACARE\u00ae hebt sich als einzigartiges Unternehmen hervor. REVIVACARE\u00ae ist ein innovatives Unternehmen im Bereich Medizintourismus, das gegr\u00fcndet wurde, um Menschen dabei zu unterst\u00fctzen, hochwertige medizinische Versorgung in der T\u00fcrkei und in Istanbul zu erhalten. Als eingetragenes und versichertes Unternehmen in der T\u00fcrkei sind wir gesetzlich verantwortlich und ausgestattet, um Ihnen exklusive Schutzma\u00dfnahmen und [&hellip;]<\/p>\n","protected":false},"author":2,"featured_media":0,"parent":0,"menu_order":0,"comment_status":"closed","ping_status":"closed","template":"elementor_header_footer","meta":{"footnotes":""},"class_list":["post-2000","page","type-page","status-publish","hentry"],"_links":{"self":[{"href":"https:\/\/revivacare.com\/de\/wp-json\/wp\/v2\/pages\/2000"}],"collection":[{"href":"https:\/\/revivacare.com\/de\/wp-json\/wp\/v2\/pages"}],"about":[{"href":"https:\/\/revivacare.com\/de\/wp-json\/wp\/v2\/types\/page"}],"author":[{"embeddable":true,"href":"https:\/\/revivacare.com\/de\/wp-json\/wp\/v2\/users\/2"}],"replies":[{"embeddable":true,"href":"https:\/\/revivacare.com\/de\/wp-json\/wp\/v2\/comments?post=2000"}],"version-history":[{"count":0,"href":"https:\/\/revivacare.com\/de\/wp-json\/wp\/v2\/pages\/2000\/revisions"}],"wp:attachment":[{"href":"https:\/\/revivacare.com\/de\/wp-json\/wp\/v2\/media?parent=2000"}],"curies":[{"name":"wp","href":"https:\/\/api.w.org\/{rel}","templated":true}]}}