{"id":2062,"date":"2024-07-06T19:41:33","date_gmt":"2024-07-06T16:41:33","guid":{"rendered":"https:\/\/revivacare.com\/?page_id=2062"},"modified":"2024-08-18T20:42:56","modified_gmt":"2024-08-18T17:42:56","slug":"allgemeine-geschaeftsbedingungen","status":"publish","type":"page","link":"https:\/\/revivacare.com\/de\/allgemeine-geschaeftsbedingungen\/","title":{"rendered":"Allgemeine Gesch\u00e4ftsbedingungen"},"content":{"rendered":"\t\t<div data-elementor-type=\"wp-page\" data-elementor-id=\"2062\" class=\"elementor elementor-2062 elementor-62\" data-elementor-post-type=\"page\">\n\t\t\t\t<div class=\"elementor-element elementor-element-63f8901 e-con-full e-flex e-con e-parent\" data-id=\"63f8901\" data-element_type=\"container\">\n\t\t<div class=\"elementor-element elementor-element-44ec477 e-con-full e-flex e-con e-child\" data-id=\"44ec477\" data-element_type=\"container\">\n\t\t\t\t<div class=\"elementor-element elementor-element-af7861b elementor-widget elementor-widget-heading\" data-id=\"af7861b\" data-element_type=\"widget\" data-widget_type=\"heading.default\">\n\t\t\t\t<div class=\"elementor-widget-container\">\n\t\t\t<h2 class=\"elementor-heading-title elementor-size-default\">Allgemeine Gesch\u00e4ftsbedingungen\n<\/h2>\t\t<\/div>\n\t\t\t\t<\/div>\n\t\t\t\t<div class=\"elementor-element elementor-element-01f9faa elementor-widget__width-inherit elementor-widget elementor-widget-text-editor\" data-id=\"01f9faa\" data-element_type=\"widget\" data-widget_type=\"text-editor.default\">\n\t\t\t\t<div class=\"elementor-widget-container\">\n\t\t\t\t\t\t\t<p>Willkommen bei Revivacare. Durch den Zugriff auf unsere Dienstleistungen oder deren Nutzung erkl\u00e4ren Sie sich damit einverstanden, die folgenden Allgemeinen Gesch\u00e4ftsbedingungen einzuhalten und an diese gebunden zu sein. Bitte lesen Sie diese Bedingungen sorgf\u00e4ltig durch.<\/p><p><strong>1. Annahme der Bedingungen<\/strong><\/p><p>Durch die Nutzung der Dienstleistungen von Revivacare stimmen Sie diesen Allgemeinen Gesch\u00e4ftsbedingungen sowie allen \u00c4nderungen oder \u00dcberarbeitungen zu. Wenn Sie diesen Bedingungen nicht zustimmen, nutzen Sie unsere Dienstleistungen bitte nicht.<\/p><p><strong>2. Erbrachte Dienstleistungen<\/strong><\/p><p>Revivacare ist auf Gesundheitstourismus spezialisiert und bietet eine Reihe von Dienstleistungen an, darunter:<\/p><ul><li>Kosmetische Chirurgie<\/li><li>Haartransplantationen<\/li><li>Augenkrankheiten und -behandlungen<\/li><li>Zahnbehandlungen<\/li><\/ul><p><strong>3. Buchung und Termine<\/strong><\/p><p>Termine k\u00f6nnen \u00fcber unsere Website oder durch direkte Kontaktaufnahme unter <a rel=\"noopener\">info@revivacare.com<\/a> gebucht werden. Die Best\u00e4tigung von Buchungen erfolgt vorbehaltlich der Verf\u00fcgbarkeit.<\/p><p><strong>4. Zahlungsbedingungen<\/strong><\/p><p>Alle Zahlungen f\u00fcr Dienstleistungen m\u00fcssen gem\u00e4\u00df den zum Zeitpunkt der Buchung angegebenen Zahlungsbedingungen erfolgen. Wir akzeptieren verschiedene Zahlungsmethoden, und alle Transaktionen m\u00fcssen vor der Erbringung der Dienstleistungen abgeschlossen sein.<\/p><p><strong>5. Stornierungs- und R\u00fcckerstattungsrichtlinie<\/strong><\/p><ul><li>Stornierungen m\u00fcssen mindestens 48 Stunden vor dem geplanten Termin erfolgen.<\/li><li>R\u00fcckerstattungen unterliegen unserer Bewertung und k\u00f6nnen je nach den spezifischen Umst\u00e4nden der Stornierung gew\u00e4hrt werden.<\/li><\/ul><p><strong>6. Pflichten des Patienten<\/strong><\/p><p>Patienten sind verpflichtet, genaue und vollst\u00e4ndige Informationen \u00fcber ihre Gesundheit und Krankengeschichte bereitzustellen. Die Einhaltung der vor und nach der Behandlung von unseren medizinischen Fachkr\u00e4ften gegebenen Anweisungen ist f\u00fcr den Erfolg der Behandlungen unerl\u00e4sslich.<\/p><p><strong>7. Datenschutzrichtlinie<\/strong><\/p><p>Wir verpflichten uns, Ihre Privatsph\u00e4re zu sch\u00fctzen. Die uns zur Verf\u00fcgung gestellten pers\u00f6nlichen Informationen werden ausschlie\u00dflich zum Zweck der Erbringung unserer Dienstleistungen verwendet und ohne Ihre Zustimmung nicht an Dritte weitergegeben. Weitere Einzelheiten finden Sie in unserer Datenschutzrichtlinie.<\/p><p><strong>8. Haftungsbeschr\u00e4nkung<\/strong><\/p><p>Revivacare sowie seine verbundenen Unternehmen, Mitarbeiter und Partner haften nicht f\u00fcr direkte, indirekte, zuf\u00e4llige oder Folgesch\u00e4den, die sich aus der Nutzung unserer Dienstleistungen ergeben. Dies umfasst unter anderem Verluste oder Sch\u00e4den, die aus folgenden Gr\u00fcnden entstehen:<\/p><ul><li>Ungenauigkeiten oder Fehler in den bereitgestellten Informationen<\/li><li>Fehlinterpretation medizinischer Ratschl\u00e4ge<\/li><li>Nichteinhaltung der vorgeschriebenen Behandlungspl\u00e4ne<\/li><\/ul><p><strong>9. \u00c4nderungen der Bedingungen<\/strong><\/p><p>Revivacare beh\u00e4lt sich das Recht vor, diese Allgemeinen Gesch\u00e4ftsbedingungen jederzeit zu \u00e4ndern. \u00c4nderungen treten unmittelbar nach ihrer Ver\u00f6ffentlichung auf unserer Website in Kraft. Die fortgesetzte Nutzung unserer Dienstleistungen gilt als Annahme der aktualisierten Bedingungen.<\/p><p><strong>10. Anwendbares Recht<\/strong><\/p><p>Diese Allgemeinen Gesch\u00e4ftsbedingungen unterliegen den Gesetzen des Landes, in dem Revivacare t\u00e4tig ist, und werden gem\u00e4\u00df diesen ausgelegt. Alle Streitigkeiten, die sich aus diesen Bedingungen ergeben, werden vor den zust\u00e4ndigen Gerichten gekl\u00e4rt.<\/p><p><strong>11. Kontaktinformationen<\/strong><\/p><p>F\u00fcr Fragen oder Bedenken zu diesen Allgemeinen Gesch\u00e4ftsbedingungen kontaktieren Sie uns bitte unter <a rel=\"noopener\">info@revivacare.com<\/a>.<\/p><p>Vielen Dank, dass Sie sich f\u00fcr Revivacare entschieden haben. Wir freuen uns darauf, Ihnen einen erstklassigen Service zu bieten.<\/p>\t\t\t\t\t\t<\/div>\n\t\t\t\t<\/div>\n\t\t\t\t<\/div>\n\t\t\t\t<\/div>\n\t\t\t\t<\/div>\n\t\t","protected":false},"excerpt":{"rendered":"<p>Allgemeine Gesch\u00e4ftsbedingungen Willkommen bei Revivacare. Durch den Zugriff auf unsere Dienstleistungen oder deren Nutzung erkl\u00e4ren Sie sich damit einverstanden, die folgenden Allgemeinen Gesch\u00e4ftsbedingungen einzuhalten und an diese gebunden zu sein. Bitte lesen Sie diese Bedingungen sorgf\u00e4ltig durch. 1. Annahme der Bedingungen Durch die Nutzung der Dienstleistungen von Revivacare stimmen Sie diesen Allgemeinen Gesch\u00e4ftsbedingungen sowie allen [&hellip;]<\/p>\n","protected":false},"author":2,"featured_media":0,"parent":0,"menu_order":0,"comment_status":"closed","ping_status":"closed","template":"","meta":{"footnotes":""},"class_list":["post-2062","page","type-page","status-publish","hentry"],"_links":{"self":[{"href":"https:\/\/revivacare.com\/de\/wp-json\/wp\/v2\/pages\/2062"}],"collection":[{"href":"https:\/\/revivacare.com\/de\/wp-json\/wp\/v2\/pages"}],"about":[{"href":"https:\/\/revivacare.com\/de\/wp-json\/wp\/v2\/types\/page"}],"author":[{"embeddable":true,"href":"https:\/\/revivacare.com\/de\/wp-json\/wp\/v2\/users\/2"}],"replies":[{"embeddable":true,"href":"https:\/\/revivacare.com\/de\/wp-json\/wp\/v2\/comments?post=2062"}],"version-history":[{"count":0,"href":"https:\/\/revivacare.com\/de\/wp-json\/wp\/v2\/pages\/2062\/revisions"}],"wp:attachment":[{"href":"https:\/\/revivacare.com\/de\/wp-json\/wp\/v2\/media?parent=2062"}],"curies":[{"name":"wp","href":"https:\/\/api.w.org\/{rel}","templated":true}]}}